{"id":8,"date":"2025-09-26T17:21:36","date_gmt":"2025-09-26T15:21:36","guid":{"rendered":"https:\/\/geops.geol.u-psud.fr\/pds\/?page_id=8"},"modified":"2026-03-24T10:42:16","modified_gmt":"2026-03-24T09:42:16","slug":"accueil-pds","status":"publish","type":"page","link":"https:\/\/geops.geol.u-psud.fr\/pds\/","title":{"rendered":"Accueil &#8211; PDS"},"content":{"rendered":"<p><div class=\"fusion-fullwidth fullwidth-box fusion-builder-row-1 fusion-flex-container has-pattern-background has-mask-background nonhundred-percent-fullwidth non-hundred-percent-height-scrolling\" style=\"--awb-border-radius-top-left:0px;--awb-border-radius-top-right:0px;--awb-border-radius-bottom-right:0px;--awb-border-radius-bottom-left:0px;--awb-flex-wrap:wrap;\" ><div class=\"fusion-builder-row fusion-row fusion-flex-align-items-flex-start fusion-flex-content-wrap\" style=\"max-width:1248px;margin-left: calc(-4% \/ 2 );margin-right: calc(-4% \/ 2 );\"><div class=\"fusion-layout-column fusion_builder_column fusion-builder-column-0 fusion_builder_column_1_1 1_1 fusion-flex-column\" style=\"--awb-bg-size:cover;--awb-width-large:100%;--awb-margin-top-large:0px;--awb-spacing-right-large:1.92%;--awb-margin-bottom-large:20px;--awb-spacing-left-large:1.92%;--awb-width-medium:100%;--awb-order-medium:0;--awb-spacing-right-medium:1.92%;--awb-spacing-left-medium:1.92%;--awb-width-small:100%;--awb-order-small:0;--awb-spacing-right-small:1.92%;--awb-spacing-left-small:1.92%;\"><div class=\"fusion-column-wrapper fusion-column-has-shadow fusion-flex-justify-content-flex-start fusion-content-layout-column\"><div class=\"fusion-title title fusion-title-1 fusion-sep-none fusion-title-text fusion-title-size-one\" style=\"--awb-margin-top-small:10px;--awb-margin-right-small:0px;--awb-margin-bottom-small:10px;--awb-margin-left-small:0px;\"><h1 class=\"fusion-title-heading title-heading-left fusion-responsive-typography-calculated\" style=\"margin:0;--fontSize:62;line-height:var(--awb-typography1-line-height);\">Pal\u00e9oclimat &amp; Dynamique S\u00e9dimentaire (PDS)<\/h1><\/div><div class=\"fusion-text fusion-text-1\"><p>Les activit\u00e9s de recherche men\u00e9es au sein de l\u2019\u00e9quipe Pal\u00e9oclimats et Dynamique S\u00e9dimentaire (PDS) sont multidisciplinaires et centr\u00e9es sur plusieurs th\u00e9matiques li\u00e9es les unes aux autres. Elles reposent sur l\u2019utilisation de diff\u00e9rents <u>outils<\/u> (plateforme PANOPLY) dans les domaines de la s\u00e9dimentologie (<u>granulom\u00e9trie<\/u>), de la min\u00e9ralogie (<u>argiles<\/u>), de la pal\u00e9ontologie (<u>coccolithophorid\u00e9s<\/u>, foraminif\u00e8res, coraux profonds), de la g\u00e9ochimie <u>\u00e9l\u00e9mentaire<\/u> (TOC, CaCO<sub>3<\/sub>, XRF,, Mg\/Ca, Sr\/Ca, Br\/Ca\u2026) et <u>isotopique<\/u> (\u03b4<sup>18<\/sup>O, \u03b4<sup>13<\/sup>C, \u03b5Nd, <sup>87<\/sup>Sr\/<sup>86<\/sup>Sr) et de la g\u00e9ochronologie (<sup>40<\/sup>Ar\/<sup>39<\/sup>Ar, t\u00e9phrochronologie, S\u00e9ries de l\u2019Uranium).<\/p>\n<p>Elles visent principalement \u00e0 restituer et dater les changements climatiques du Quaternaire \u00e0 diff\u00e9rentes \u00e9chelles temporelles (d\u00e9cennales \u00e0 orbitales) et g\u00e9ographiques (locale, r\u00e9gionale, globale) en \u00e9tudiant les interactions existantes au sein des compartiments externes du syst\u00e8me Terre (oc\u00e9an, atmosph\u00e8re, biosph\u00e8re, surfaces continentales). Elles ont pour objectif de comprendre\u00a0:<\/p>\n<ul>\n<li>les modalit\u00e9s de formation (\u00e9rosion\/alt\u00e9ration), de transfert (transports \u00e9olien et fluviatile) et de d\u00e9p\u00f4ts des s\u00e9diments aux oc\u00e9ans, en lien avec le <u><a class=\"fusion-builder-modal-save\" href=\"https:\/\/geops.geol.u-psud.fr\/pds\/wp-admin\/post.php?post=8&amp;action=edit#\"> Save <\/a>cycle hydrologique<\/u> , et notamment en contexte de <u>mousson<\/u>.<\/li>\n<li>l&#8217;impact des changements de circulation oc\u00e9anique et de productivit\u00e9 biologique sur le <u>cycle du carbone,<\/u> et plus particuli\u00e8rement sur les changements de pCO<sub>2<\/sub> atmosph\u00e9rique.<\/li>\n<\/ul>\n<p>De replacer les s\u00e9quences s\u00e9dimentaires \u00e9tudi\u00e9es (carottes marines, environnements (pal\u00e9o)lacustres, s\u00e9quences volcaniques, voire sites arch\u00e9ologiques) dans un <u>contexte chronologique robuste<\/u> (notamment par t\u00e9phrochronologie) permettant d\u2019interconnecter les archives les unes avec les autres.<\/p>\n<\/div><\/div><\/div><\/div><\/div><div class=\"fusion-fullwidth fullwidth-box fusion-builder-row-2 fusion-flex-container has-pattern-background has-mask-background nonhundred-percent-fullwidth non-hundred-percent-height-scrolling\" style=\"--awb-border-sizes-top:30px;--awb-border-sizes-bottom:30px;--awb-border-sizes-left:30px;--awb-border-sizes-right:30px;--awb-border-radius-top-left:0px;--awb-border-radius-top-right:0px;--awb-border-radius-bottom-right:0px;--awb-border-radius-bottom-left:0px;--awb-background-color:var(--awb-color3);--awb-flex-wrap:wrap;\" ><div class=\"fusion-builder-row fusion-row fusion-flex-align-items-flex-start fusion-flex-content-wrap\" style=\"max-width:1248px;margin-left: calc(-4% \/ 2 );margin-right: calc(-4% \/ 2 );\"><div class=\"fusion-layout-column fusion_builder_column fusion-builder-column-1 fusion_builder_column_1_1 1_1 fusion-flex-column\" style=\"--awb-bg-size:cover;--awb-width-large:100%;--awb-margin-top-large:0px;--awb-spacing-right-large:1.92%;--awb-margin-bottom-large:20px;--awb-spacing-left-large:1.92%;--awb-width-medium:100%;--awb-order-medium:0;--awb-spacing-right-medium:1.92%;--awb-spacing-left-medium:1.92%;--awb-width-small:100%;--awb-order-small:0;--awb-spacing-right-small:1.92%;--awb-spacing-left-small:1.92%;\"><div class=\"fusion-column-wrapper fusion-column-has-shadow fusion-flex-justify-content-flex-start fusion-content-layout-column\"><div class=\"fusion-title title fusion-title-2 fusion-sep-none fusion-title-text fusion-title-size-two\" style=\"--awb-margin-top-small:10px;--awb-margin-right-small:0px;--awb-margin-bottom-small:10px;--awb-margin-left-small:0px;\"><h2 class=\"fusion-title-heading title-heading-left fusion-responsive-typography-calculated\" style=\"margin:0;--fontSize:46;line-height:var(--awb-typography1-line-height);\">Les th\u00e9matiques<\/h2><\/div><\/div><\/div><div class=\"fusion-layout-column fusion_builder_column fusion-builder-column-2 fusion_builder_column_1_3 1_3 fusion-flex-column fusion-column-inner-bg-wrapper\" style=\"--awb-padding-top:40px;--awb-padding-right:30px;--awb-padding-bottom:40px;--awb-padding-left:30px;--awb-inner-bg-color:var(--awb-color1);--awb-inner-bg-color-hover:var(--awb-color1);--awb-inner-bg-size:cover;--awb-width-large:33.333333333333%;--awb-margin-top-large:30px;--awb-spacing-right-large:5.76%;--awb-margin-bottom-large:30px;--awb-spacing-left-large:5.76%;--awb-width-medium:33.333333333333%;--awb-order-medium:0;--awb-spacing-right-medium:5.76%;--awb-spacing-left-medium:5.76%;--awb-width-small:100%;--awb-order-small:0;--awb-spacing-right-small:1.92%;--awb-spacing-left-small:1.92%;\" data-scroll-devices=\"small-visibility,medium-visibility,large-visibility\"><span class=\"fusion-column-inner-bg hover-type-none\"><a class=\"fusion-column-anchor\" href=\"https:\/\/geops.geol.u-psud.fr\/pds\/circulation-oceanique\/\"><span class=\"fusion-column-inner-bg-image\"><\/span><\/a><\/span><div class=\"fusion-column-wrapper fusion-column-has-shadow fusion-flex-justify-content-flex-start fusion-content-layout-column\"><i class=\"fb-icon-element-1 fb-icon-element fontawesome-icon fa-water fas circle-yes\" style=\"--awb-circlecolor:var(--awb-color8);--awb-circlebordersize:1px;--awb-font-size:22px;--awb-width:44px;--awb-height:44px;--awb-line-height:42px;--awb-margin-top:0;--awb-margin-right:0;--awb-margin-bottom:0;--awb-margin-left:0;--awb-align-self:center;\"><\/i><div class=\"fusion-text fusion-text-2\" style=\"--awb-font-size:28px;--awb-line-height:1.2;--awb-text-color:var(--awb-custom_color_1);--awb-text-font-family:&quot;Figtree&quot;;--awb-text-font-style:normal;--awb-text-font-weight:400;\"><p style=\"text-align: center;\"><strong>Circulation oc\u00e9anique<\/strong><\/p>\n<\/div><div class=\"fusion-text fusion-text-3\" style=\"--awb-text-color:var(--awb-color8);\"><p style=\"text-align: center;\"><strong>Projets associ\u00e9s :<\/strong><\/p>\n<\/div><div class=\"fusion-text fusion-text-4\" style=\"--awb-text-color:var(--awb-color8);\"><p style=\"text-align: center;\">ANR MEDSENS,<br \/>\nSTAR-EX<\/p>\n<\/div><\/div><\/div><div class=\"fusion-layout-column fusion_builder_column fusion-builder-column-3 fusion_builder_column_1_3 1_3 fusion-flex-column fusion-column-inner-bg-wrapper\" style=\"--awb-padding-top:40px;--awb-padding-right:30px;--awb-padding-bottom:40px;--awb-padding-left:30px;--awb-inner-bg-color:var(--awb-color1);--awb-inner-bg-color-hover:var(--awb-color1);--awb-inner-bg-size:cover;--awb-width-large:33.333333333333%;--awb-margin-top-large:30px;--awb-spacing-right-large:5.76%;--awb-margin-bottom-large:30px;--awb-spacing-left-large:5.76%;--awb-width-medium:33.333333333333%;--awb-order-medium:0;--awb-spacing-right-medium:5.76%;--awb-spacing-left-medium:5.76%;--awb-width-small:100%;--awb-order-small:0;--awb-spacing-right-small:1.92%;--awb-spacing-left-small:1.92%;\" data-scroll-devices=\"small-visibility,medium-visibility,large-visibility\"><span class=\"fusion-column-inner-bg hover-type-none\"><a class=\"fusion-column-anchor\" href=\"https:\/\/geops.geol.u-psud.fr\/pds\/moussons\/\"><span class=\"fusion-column-inner-bg-image\"><\/span><\/a><\/span><div class=\"fusion-column-wrapper fusion-column-has-shadow fusion-flex-justify-content-flex-start fusion-content-layout-column\"><i class=\"fb-icon-element-2 fb-icon-element fontawesome-icon fa-wind fas circle-yes\" style=\"--awb-circlecolor:var(--awb-color8);--awb-circlebordersize:1px;--awb-font-size:22px;--awb-width:44px;--awb-height:44px;--awb-line-height:42px;--awb-margin-top:0;--awb-margin-right:0;--awb-margin-bottom:0;--awb-margin-left:0;--awb-align-self:center;\"><\/i><div class=\"fusion-text fusion-text-5\" style=\"--awb-font-size:28px;--awb-line-height:1.2;--awb-text-color:var(--awb-custom_color_1);--awb-text-font-family:&quot;Figtree&quot;;--awb-text-font-style:normal;--awb-text-font-weight:400;\"><p style=\"text-align: center;\"><strong>Moussons<\/strong><\/p>\n<\/div><div class=\"fusion-text fusion-text-6\" style=\"--awb-text-color:var(--awb-color8);\"><p style=\"text-align: center;\"><strong>Projets associ\u00e9s :<\/strong><\/p>\n<\/div><div class=\"fusion-text fusion-text-7\" style=\"--awb-text-color:var(--awb-color8);\"><p style=\"text-align: center;\">OMAN,<br \/>\nAMARYLLIS<\/p>\n<\/div><\/div><\/div><div class=\"fusion-layout-column fusion_builder_column fusion-builder-column-4 fusion_builder_column_1_3 1_3 fusion-flex-column fusion-column-inner-bg-wrapper\" style=\"--awb-padding-top:40px;--awb-padding-right:30px;--awb-padding-bottom:40px;--awb-padding-left:30px;--awb-inner-bg-color:var(--awb-color1);--awb-inner-bg-color-hover:var(--awb-color1);--awb-inner-bg-size:cover;--awb-width-large:33.333333333333%;--awb-margin-top-large:30px;--awb-spacing-right-large:5.76%;--awb-margin-bottom-large:30px;--awb-spacing-left-large:5.76%;--awb-width-medium:33.333333333333%;--awb-order-medium:0;--awb-spacing-right-medium:5.76%;--awb-spacing-left-medium:5.76%;--awb-width-small:100%;--awb-order-small:0;--awb-spacing-right-small:1.92%;--awb-spacing-left-small:1.92%;\" data-scroll-devices=\"small-visibility,medium-visibility,large-visibility\"><span class=\"fusion-column-inner-bg hover-type-none\"><a class=\"fusion-column-anchor\" href=\"https:\/\/geops.geol.u-psud.fr\/pds\/cycle-du-carbone\/\"><span class=\"fusion-column-inner-bg-image\"><\/span><\/a><\/span><div class=\"fusion-column-wrapper fusion-column-has-shadow fusion-flex-justify-content-flex-start fusion-content-layout-column\"><i class=\"fb-icon-element-3 fb-icon-element fontawesome-icon fa-redo-alt fas circle-yes\" style=\"--awb-circlecolor:var(--awb-color8);--awb-circlebordersize:1px;--awb-font-size:22px;--awb-width:44px;--awb-height:44px;--awb-line-height:42px;--awb-margin-top:0;--awb-margin-right:0;--awb-margin-bottom:0;--awb-margin-left:0;--awb-align-self:center;\"><\/i><div class=\"fusion-text fusion-text-8\" style=\"--awb-font-size:28px;--awb-line-height:1.2;--awb-text-color:var(--awb-custom_color_1);--awb-text-font-family:&quot;Figtree&quot;;--awb-text-font-style:normal;--awb-text-font-weight:400;\"><p style=\"text-align: center;\"><strong>Cycle du carbone<\/strong><\/p>\n<\/div><div class=\"fusion-text fusion-text-9\" style=\"--awb-text-color:var(--awb-color8);\"><p style=\"text-align: center;\"><strong>Projets associ\u00e9s :<\/strong><\/p>\n<\/div><div class=\"fusion-text fusion-text-10\" style=\"--awb-text-color:var(--awb-color8);\"><p style=\"text-align: center;\">BIOCOD,<br \/>\nCPJ hautes latitudes<\/p>\n<\/div><\/div><\/div><div class=\"fusion-layout-column fusion_builder_column fusion-builder-column-5 fusion_builder_column_1_3 1_3 fusion-flex-column fusion-column-inner-bg-wrapper\" style=\"--awb-padding-top:40px;--awb-padding-right:30px;--awb-padding-bottom:40px;--awb-padding-left:30px;--awb-inner-bg-color:var(--awb-color1);--awb-inner-bg-color-hover:var(--awb-color1);--awb-inner-bg-size:cover;--awb-width-large:33.333333333333%;--awb-margin-top-large:30px;--awb-spacing-right-large:5.76%;--awb-margin-bottom-large:30px;--awb-spacing-left-large:5.76%;--awb-width-medium:33.333333333333%;--awb-order-medium:0;--awb-spacing-right-medium:5.76%;--awb-spacing-left-medium:5.76%;--awb-width-small:100%;--awb-order-small:0;--awb-spacing-right-small:1.92%;--awb-spacing-left-small:1.92%;\" data-scroll-devices=\"small-visibility,medium-visibility,large-visibility\"><span class=\"fusion-column-inner-bg hover-type-none\"><a class=\"fusion-column-anchor\" href=\"https:\/\/geops.geol.u-psud.fr\/pds\/tephrochronologie\/\"><span class=\"fusion-column-inner-bg-image\"><\/span><\/a><\/span><div class=\"fusion-column-wrapper fusion-column-has-shadow fusion-flex-justify-content-flex-start fusion-content-layout-column\"><i class=\"fb-icon-element-4 fb-icon-element fontawesome-icon fa-search fas circle-yes\" style=\"--awb-circlecolor:var(--awb-color8);--awb-circlebordersize:1px;--awb-font-size:22px;--awb-width:44px;--awb-height:44px;--awb-line-height:42px;--awb-margin-top:0;--awb-margin-right:0;--awb-margin-bottom:0;--awb-margin-left:0;--awb-align-self:center;\"><\/i><div class=\"fusion-text fusion-text-11\" style=\"--awb-font-size:28px;--awb-line-height:1.2;--awb-text-color:var(--awb-custom_color_1);--awb-text-font-family:&quot;Figtree&quot;;--awb-text-font-style:normal;--awb-text-font-weight:400;\"><p style=\"text-align: center;\"><strong>T\u00e9phrochronologie<\/strong><\/p>\n<\/div><div class=\"fusion-text fusion-text-12\" style=\"--awb-text-color:var(--awb-color8);\"><p style=\"text-align: center;\"><strong>Projets associ\u00e9s :<\/strong><\/p>\n<\/div><div class=\"fusion-text fusion-text-13\" style=\"--awb-text-color:var(--awb-color8);\"><p style=\"text-align: center;\">PALEO, ICARE,<br \/>\nANR NEANDROOTS<\/p>\n<\/div><\/div><\/div><div class=\"fusion-layout-column fusion_builder_column fusion-builder-column-6 fusion_builder_column_1_3 1_3 fusion-flex-column fusion-column-inner-bg-wrapper\" style=\"--awb-padding-top:40px;--awb-padding-right:30px;--awb-padding-bottom:40px;--awb-padding-left:30px;--awb-inner-bg-color:var(--awb-color1);--awb-inner-bg-color-hover:var(--awb-color1);--awb-inner-bg-size:cover;--awb-width-large:33.333333333333%;--awb-margin-top-large:30px;--awb-spacing-right-large:5.76%;--awb-margin-bottom-large:30px;--awb-spacing-left-large:5.76%;--awb-width-medium:33.333333333333%;--awb-order-medium:0;--awb-spacing-right-medium:5.76%;--awb-spacing-left-medium:5.76%;--awb-width-small:100%;--awb-order-small:0;--awb-spacing-right-small:1.92%;--awb-spacing-left-small:1.92%;\" data-scroll-devices=\"small-visibility,medium-visibility,large-visibility\"><span class=\"fusion-column-inner-bg hover-type-none\"><a class=\"fusion-column-anchor\" href=\"https:\/\/geops.geol.u-psud.fr\/pds\/environnements-glaciaires\/\"><span class=\"fusion-column-inner-bg-image\"><\/span><\/a><\/span><div class=\"fusion-column-wrapper fusion-column-has-shadow fusion-flex-justify-content-flex-start fusion-content-layout-column\"><i class=\"fb-icon-element-5 fb-icon-element fontawesome-icon fa-icicles fas circle-yes\" style=\"--awb-circlecolor:var(--awb-color8);--awb-circlebordersize:1px;--awb-font-size:22px;--awb-width:44px;--awb-height:44px;--awb-line-height:42px;--awb-margin-top:0;--awb-margin-right:0;--awb-margin-bottom:0;--awb-margin-left:0;--awb-align-self:center;\"><\/i><div class=\"fusion-text fusion-text-14\" style=\"--awb-font-size:28px;--awb-line-height:1.2;--awb-text-color:var(--awb-custom_color_1);--awb-text-font-family:&quot;Figtree&quot;;--awb-text-font-style:normal;--awb-text-font-weight:400;\"><p style=\"text-align: center;\"><strong>Environnements glaciaires<\/strong><\/p>\n<\/div><div class=\"fusion-text fusion-text-15\" style=\"--awb-text-color:var(--awb-color8);\"><p style=\"text-align: center;\"><strong>Projets associ\u00e9s :<\/strong><\/p>\n<\/div><div class=\"fusion-text fusion-text-16\" style=\"--awb-text-color:var(--awb-color8);\"><p style=\"text-align: center;\">CPJ Hautes latitudes, CLIMAGLOF,<br \/>\nANR EXODUST<\/p>\n<\/div><\/div><\/div><\/div><\/div><\/p>\n","protected":false},"excerpt":{"rendered":"","protected":false},"author":1,"featured_media":0,"parent":0,"menu_order":0,"comment_status":"closed","ping_status":"closed","template":"","meta":{"footnotes":""},"class_list":["post-8","page","type-page","status-publish","hentry"],"_links":{"self":[{"href":"https:\/\/geops.geol.u-psud.fr\/pds\/wp-json\/wp\/v2\/pages\/8","targetHints":{"allow":["GET"]}}],"collection":[{"href":"https:\/\/geops.geol.u-psud.fr\/pds\/wp-json\/wp\/v2\/pages"}],"about":[{"href":"https:\/\/geops.geol.u-psud.fr\/pds\/wp-json\/wp\/v2\/types\/page"}],"author":[{"embeddable":true,"href":"https:\/\/geops.geol.u-psud.fr\/pds\/wp-json\/wp\/v2\/users\/1"}],"replies":[{"embeddable":true,"href":"https:\/\/geops.geol.u-psud.fr\/pds\/wp-json\/wp\/v2\/comments?post=8"}],"version-history":[{"count":23,"href":"https:\/\/geops.geol.u-psud.fr\/pds\/wp-json\/wp\/v2\/pages\/8\/revisions"}],"predecessor-version":[{"id":207,"href":"https:\/\/geops.geol.u-psud.fr\/pds\/wp-json\/wp\/v2\/pages\/8\/revisions\/207"}],"wp:attachment":[{"href":"https:\/\/geops.geol.u-psud.fr\/pds\/wp-json\/wp\/v2\/media?parent=8"}],"curies":[{"name":"wp","href":"https:\/\/api.w.org\/{rel}","templated":true}]}}