{"id":229,"date":"2026-03-24T10:52:43","date_gmt":"2026-03-24T09:52:43","guid":{"rendered":"https:\/\/geops.geol.u-psud.fr\/pds\/?page_id=229"},"modified":"2026-03-24T10:57:46","modified_gmt":"2026-03-24T09:57:46","slug":"ocean-circulation","status":"publish","type":"page","link":"https:\/\/geops.geol.u-psud.fr\/pds\/en\/ocean-circulation\/","title":{"rendered":"Ocean circulation"},"content":{"rendered":"<p><div class=\"fusion-fullwidth fullwidth-box fusion-builder-row-1 fusion-flex-container has-pattern-background has-mask-background nonhundred-percent-fullwidth non-hundred-percent-height-scrolling\" style=\"--awb-border-radius-top-left:0px;--awb-border-radius-top-right:0px;--awb-border-radius-bottom-right:0px;--awb-border-radius-bottom-left:0px;--awb-flex-wrap:wrap;\" ><div class=\"fusion-builder-row fusion-row fusion-flex-align-items-flex-start fusion-flex-content-wrap\" style=\"max-width:1248px;margin-left: calc(-4% \/ 2 );margin-right: calc(-4% \/ 2 );\"><div class=\"fusion-layout-column fusion_builder_column fusion-builder-column-0 fusion_builder_column_1_2 1_2 fusion-flex-column\" style=\"--awb-padding-top:12%;--awb-padding-right:12%;--awb-padding-bottom:12%;--awb-padding-left:12%;--awb-bg-color:var(--awb-color1);--awb-bg-color-hover:var(--awb-color1);--awb-bg-size:cover;--awb-width-large:50%;--awb-margin-top-large:0px;--awb-spacing-right-large:3.84%;--awb-margin-bottom-large:0px;--awb-spacing-left-large:3.072%;--awb-width-medium:50%;--awb-order-medium:0;--awb-spacing-right-medium:3.84%;--awb-spacing-left-medium:3.072%;--awb-width-small:100%;--awb-order-small:0;--awb-spacing-right-small:1.92%;--awb-spacing-left-small:1.92%;\" data-scroll-devices=\"small-visibility,medium-visibility,large-visibility\"><div class=\"fusion-column-wrapper fusion-column-has-shadow fusion-flex-justify-content-flex-start fusion-content-layout-column\"><div class=\"fusion-title title fusion-title-1 fusion-sep-none fusion-title-text fusion-title-size-two\" style=\"--awb-margin-top-small:10px;--awb-margin-right-small:0px;--awb-margin-bottom-small:10px;--awb-margin-left-small:0px;\"><h2 class=\"fusion-title-heading title-heading-left fusion-responsive-typography-calculated\" style=\"margin:0;--fontSize:46;line-height:var(--awb-typography1-line-height);\">Ocean circulation<\/h2><\/div><\/div><\/div><div class=\"fusion-layout-column fusion_builder_column fusion-builder-column-1 fusion_builder_column_1_2 1_2 fusion-flex-column fusion-flex-align-self-stretch\" style=\"--awb-bg-size:cover;--awb-width-large:50%;--awb-margin-top-large:0px;--awb-spacing-right-large:3.84%;--awb-margin-bottom-large:20px;--awb-spacing-left-large:3.84%;--awb-width-medium:50%;--awb-order-medium:0;--awb-spacing-right-medium:3.84%;--awb-spacing-left-medium:3.84%;--awb-width-small:100%;--awb-order-small:0;--awb-spacing-right-small:1.92%;--awb-spacing-left-small:1.92%;\" data-scroll-devices=\"small-visibility,medium-visibility,large-visibility\"><div class=\"fusion-column-wrapper fusion-column-has-shadow fusion-flex-justify-content-center fusion-content-layout-column\"><div class=\"fusion-image-element \" style=\"--awb-caption-title-font-family:var(--h2_typography-font-family);--awb-caption-title-font-weight:var(--h2_typography-font-weight);--awb-caption-title-font-style:var(--h2_typography-font-style);--awb-caption-title-size:var(--h2_typography-font-size);--awb-caption-title-transform:var(--h2_typography-text-transform);--awb-caption-title-line-height:var(--h2_typography-line-height);--awb-caption-title-letter-spacing:var(--h2_typography-letter-spacing);\"><span class=\" fusion-imageframe imageframe-none imageframe-1 hover-type-none\"><img decoding=\"async\" width=\"332\" height=\"315\" title=\"Image1\" src=\"https:\/\/geops.geol.u-psud.fr\/pds\/wp-content\/uploads\/sites\/3\/2025\/09\/Image1.jpg\" alt class=\"img-responsive wp-image-35\" srcset=\"https:\/\/geops.geol.u-psud.fr\/pds\/wp-content\/uploads\/sites\/3\/2025\/09\/Image1-200x190.jpg 200w, https:\/\/geops.geol.u-psud.fr\/pds\/wp-content\/uploads\/sites\/3\/2025\/09\/Image1.jpg 332w\" sizes=\"(max-width: 640px) 100vw, 332px\" \/><\/span><\/div><\/div><\/div><\/div><\/div><div class=\"fusion-fullwidth fullwidth-box fusion-builder-row-2 fusion-flex-container has-pattern-background has-mask-background nonhundred-percent-fullwidth non-hundred-percent-height-scrolling\" style=\"--awb-border-radius-top-left:0px;--awb-border-radius-top-right:0px;--awb-border-radius-bottom-right:0px;--awb-border-radius-bottom-left:0px;--awb-flex-wrap:wrap;\" ><div class=\"fusion-builder-row fusion-row fusion-flex-align-items-flex-start fusion-flex-content-wrap\" style=\"max-width:1248px;margin-left: calc(-4% \/ 2 );margin-right: calc(-4% \/ 2 );\"><div class=\"fusion-layout-column fusion_builder_column fusion-builder-column-2 fusion_builder_column_1_1 1_1 fusion-flex-column\" style=\"--awb-bg-size:cover;--awb-width-large:100%;--awb-margin-top-large:0px;--awb-spacing-right-large:1.92%;--awb-margin-bottom-large:20px;--awb-spacing-left-large:1.92%;--awb-width-medium:100%;--awb-order-medium:0;--awb-spacing-right-medium:1.92%;--awb-spacing-left-medium:1.92%;--awb-width-small:100%;--awb-order-small:0;--awb-spacing-right-small:1.92%;--awb-spacing-left-small:1.92%;\"><div class=\"fusion-column-wrapper fusion-column-has-shadow fusion-flex-justify-content-flex-start fusion-content-layout-column\"><div class=\"fusion-text fusion-text-1\"><p>Ocean circulation is a key component of the present and past climate system. In particular, most previous studies have highlighted changes in surface and deep water masses, but few records provide information on intermediate water masses, despite their pivotal role in salt and heat transport on the timescale of glacial-interglacial cycles and abrupt events. We are therefore working to document the variability of intermediate water masses and the associated water, heat and salt fluxes in two key regions of the current climate system: i) the North Atlantic, and its connections with the Mediterranean Sea, in the context of current and future changes to the meridional ocean circulation system known as the \u2018AMOC\u2019, and the impact on the climate of northern Europe; ii) the northern Indian Ocean (Bay of Bengal and Arabian Sea), in relation to the Southern Ocean; and iii) the South China Sea. Our team is interested in reconstructing variations in circulation from the centennial scale to glacial-interglacial cycles, through the study of the mineralogical (clays, CaCO3 content, etc.) and geochemical (elemental ratios, isotopic geochemistry) of marine sediments and their biogenic fraction (corals, foraminifera). In order to better constrain these variations in the past, the records must be based on geochemical tools whose variations are well known; one of the key aspects of our research is the calibration of tracers, through the study of the relationship between environmental parameters and geochemical proxies under modern conditions (present-day seawater, living foraminifera, etc.).<\/p>\n<\/div><div class=\"fusion-text fusion-text-2\"><p><b>Objectives of the Research Theme<\/b>: Our research aims, on the one hand, to improve our understanding of the hydrology of the Mediterranean and the European margin in order to reconstruct the AMOC, and, on the other hand, to gain a better understanding of changes in ocean circulation in the Indian Ocean and the Southern Ocean.<\/p>\n<\/div><div class=\"fusion-text fusion-text-3\"><p><strong>List of permanent and non-permanent staff:<\/strong><\/p>\n<p>C. Colin, S. S\u00e9pulcre, S. Alphonse-Duchamp, G. Siani, A. Tudryn, Fr\u00e9d\u00e9ric Haurine, J. Nouet, N.Pige, Gao Guohui, Yi Huang, Mingjun Li, Sun Tianqi<\/p>\n<\/div><\/div><\/div><\/div><\/div><div class=\"fusion-fullwidth fullwidth-box fusion-builder-row-3 fusion-flex-container has-pattern-background has-mask-background nonhundred-percent-fullwidth non-hundred-percent-height-scrolling\" style=\"--awb-border-radius-top-left:0px;--awb-border-radius-top-right:0px;--awb-border-radius-bottom-right:0px;--awb-border-radius-bottom-left:0px;--awb-flex-wrap:wrap;\" ><div class=\"fusion-builder-row fusion-row fusion-flex-align-items-flex-start fusion-flex-content-wrap\" style=\"max-width:1248px;margin-left: calc(-4% \/ 2 );margin-right: calc(-4% \/ 2 );\"><div class=\"fusion-layout-column fusion_builder_column fusion-builder-column-3 fusion_builder_column_1_1 1_1 fusion-flex-column\" style=\"--awb-bg-size:cover;--awb-width-large:100%;--awb-margin-top-large:0px;--awb-spacing-right-large:1.92%;--awb-margin-bottom-large:20px;--awb-spacing-left-large:1.92%;--awb-width-medium:100%;--awb-order-medium:0;--awb-spacing-right-medium:1.92%;--awb-spacing-left-medium:1.92%;--awb-width-small:100%;--awb-order-small:0;--awb-spacing-right-small:1.92%;--awb-spacing-left-small:1.92%;\"><div class=\"fusion-column-wrapper fusion-column-has-shadow fusion-flex-justify-content-flex-start fusion-content-layout-column\"><div class=\"fusion-separator fusion-full-width-sep\" style=\"align-self: center;margin-left: auto;margin-right: auto;margin-top:10px;margin-bottom:20px;width:100%;\"><div class=\"fusion-separator-border sep-single sep-solid\" style=\"--awb-height:20px;--awb-amount:20px;border-color:var(--awb-color3);border-top-width:1px;\"><\/div><\/div><div class=\"fusion-title title fusion-title-2 fusion-sep-none fusion-title-text fusion-title-size-two\" style=\"--awb-margin-top-small:10px;--awb-margin-right-small:0px;--awb-margin-bottom-small:10px;--awb-margin-left-small:0px;\"><h2 class=\"fusion-title-heading title-heading-left fusion-responsive-typography-calculated\" style=\"margin:0;--fontSize:46;line-height:var(--awb-typography1-line-height);\">Projects<\/h2><\/div><div class=\"fusion-blog-shortcode fusion-blog-shortcode-1 fusion-blog-archive fusion-blog-layout-grid-wrapper fusion-blog-no fusion-no-small-visibility fusion-no-medium-visibility fusion-blog-no-images fusion-blog-layout-center\" style=\"--grid_separator_color:var(--awb-custom_color_1);\"><style type=\"text\/css\">.fusion-blog-shortcode-1 .fusion-blog-layout-grid .fusion-post-grid{padding:20px;}.fusion-blog-shortcode-1 .fusion-posts-container{margin-left: -20px !important; margin-right:-20px !important;}<\/style><div class=\"fusion-posts-container fusion-posts-container-no fusion-no-meta-info fusion-blog-layout-grid fusion-blog-layout-grid-3 isotope fusion-blog-equal-heights\" data-pages=\"1\" data-grid-col-space=\"40\" style=\"margin: -20px -20px 0;min-height:500px;\"><article id=\"blog-1-post-257\" class=\"fusion-post-grid post-257 post type-post status-publish format-standard hentry category-ocean-circulation\">\n<div class=\"fusion-post-wrapper\" style=\"background-color:rgba(255,255,255,0);border:1px solid var(--awb-color2);border-bottom-width:3px;\"><div class=\"fusion-post-content-wrapper\" style=\"padding:30px 30px 30px 30px;\"><div class=\"fusion-post-content post-content\"><h5 class=\"blog-shortcode-post-title entry-title\"><a href=\"https:\/\/geops.geol.u-psud.fr\/pds\/en\/2026\/03\/26\/star-ex-en\/\">STAR-EX (EN)<\/a><\/h5><\/div><\/div><div class=\"fusion-clearfix\"><\/div><\/div>\n<\/article>\n<article id=\"blog-1-post-274\" class=\"fusion-post-grid post-274 post type-post status-publish format-standard hentry category-ocean-circulation\">\n<div class=\"fusion-post-wrapper\" style=\"background-color:rgba(255,255,255,0);border:1px solid var(--awb-color2);border-bottom-width:3px;\"><div class=\"fusion-post-content-wrapper\" style=\"padding:30px 30px 30px 30px;\"><div class=\"fusion-post-content post-content\"><h5 class=\"blog-shortcode-post-title entry-title\"><a href=\"https:\/\/geops.geol.u-psud.fr\/pds\/en\/2026\/03\/26\/medsens-en\/\">MEDSENS (EN)<\/a><\/h5><\/div><\/div><div class=\"fusion-clearfix\"><\/div><\/div>\n<\/article>\n<div class=\"fusion-clearfix\"><\/div><\/div><\/div><\/div><\/div><\/div><\/div><\/p>\n","protected":false},"excerpt":{"rendered":"","protected":false},"author":1,"featured_media":0,"parent":0,"menu_order":0,"comment_status":"closed","ping_status":"closed","template":"","meta":{"footnotes":""},"class_list":["post-229","page","type-page","status-publish","hentry"],"_links":{"self":[{"href":"https:\/\/geops.geol.u-psud.fr\/pds\/wp-json\/wp\/v2\/pages\/229","targetHints":{"allow":["GET"]}}],"collection":[{"href":"https:\/\/geops.geol.u-psud.fr\/pds\/wp-json\/wp\/v2\/pages"}],"about":[{"href":"https:\/\/geops.geol.u-psud.fr\/pds\/wp-json\/wp\/v2\/types\/page"}],"author":[{"embeddable":true,"href":"https:\/\/geops.geol.u-psud.fr\/pds\/wp-json\/wp\/v2\/users\/1"}],"replies":[{"embeddable":true,"href":"https:\/\/geops.geol.u-psud.fr\/pds\/wp-json\/wp\/v2\/comments?post=229"}],"version-history":[{"count":2,"href":"https:\/\/geops.geol.u-psud.fr\/pds\/wp-json\/wp\/v2\/pages\/229\/revisions"}],"predecessor-version":[{"id":231,"href":"https:\/\/geops.geol.u-psud.fr\/pds\/wp-json\/wp\/v2\/pages\/229\/revisions\/231"}],"wp:attachment":[{"href":"https:\/\/geops.geol.u-psud.fr\/pds\/wp-json\/wp\/v2\/media?parent=229"}],"curies":[{"name":"wp","href":"https:\/\/api.w.org\/{rel}","templated":true}]}}