{"id":8,"date":"2025-09-30T16:24:13","date_gmt":"2025-09-30T14:24:13","guid":{"rendered":"https:\/\/geops.geol.u-psud.fr\/etp\/?page_id=8"},"modified":"2025-12-02T13:27:20","modified_gmt":"2025-12-02T12:27:20","slug":"accueil-evolution-de-la-terre-et-des-planetes","status":"publish","type":"page","link":"https:\/\/geops.geol.u-psud.fr\/etp\/","title":{"rendered":"Accueil Evolution de la Terre et des Plan\u00e8tes"},"content":{"rendered":"<p><div class=\"fusion-fullwidth fullwidth-box fusion-builder-row-1 fusion-flex-container has-pattern-background has-mask-background nonhundred-percent-fullwidth non-hundred-percent-height-scrolling\" style=\"--awb-border-radius-top-left:0px;--awb-border-radius-top-right:0px;--awb-border-radius-bottom-right:0px;--awb-border-radius-bottom-left:0px;--awb-flex-wrap:wrap;\" ><div class=\"fusion-builder-row fusion-row fusion-flex-align-items-flex-start fusion-flex-content-wrap\" style=\"max-width:1248px;margin-left: calc(-4% \/ 2 );margin-right: calc(-4% \/ 2 );\"><div class=\"fusion-layout-column fusion_builder_column fusion-builder-column-0 fusion_builder_column_1_1 1_1 fusion-flex-column\" style=\"--awb-bg-size:cover;--awb-width-large:100%;--awb-margin-top-large:0px;--awb-spacing-right-large:1.92%;--awb-margin-bottom-large:20px;--awb-spacing-left-large:1.92%;--awb-width-medium:100%;--awb-order-medium:0;--awb-spacing-right-medium:1.92%;--awb-spacing-left-medium:1.92%;--awb-width-small:100%;--awb-order-small:0;--awb-spacing-right-small:1.92%;--awb-spacing-left-small:1.92%;\"><div class=\"fusion-column-wrapper fusion-column-has-shadow fusion-flex-justify-content-flex-start fusion-content-layout-column\"><div class=\"fusion-title title fusion-title-1 fusion-sep-none fusion-title-text fusion-title-size-one\" style=\"--awb-margin-top-small:10px;--awb-margin-right-small:0px;--awb-margin-bottom-small:10px;--awb-margin-left-small:0px;\"><h1 class=\"fusion-title-heading title-heading-left fusion-responsive-typography-calculated\" style=\"margin:0;--fontSize:62;line-height:var(--awb-typography1-line-height);\">Evolution de la Terre et des Plan\u00e8tes (ETP)<\/h1><\/div><div class=\"fusion-text fusion-text-1\"><p>Les recherches du th\u00e8me ETP se concentrent sur l\u2019\u00e9volution et la quantification des paysages volcaniques et plan\u00e9taires. Plus particuli\u00e8rement, nous \u00e9tudions :<\/p>\n<p>1. les processus g\u00e9ologiques plan\u00e9taires actuels et r\u00e9cents (perg\u00e9lisol, \u00e9coulement r\u00e9cent, taux de crat\u00e9risation),<br \/>\n2. l\u2019\u00e9volution des volcans (gen\u00e8se, croissance, d\u00e9stabilisation, alt\u00e9ration, \u00e9rosion), leurs interactions avec le climat, les al\u00e9as associ\u00e9s et le cryovolcanisme<br \/>\n3. l\u2019environnement martien ancien et les processus d\u2019\u00e9rosion associ\u00e9s (Tharsis, outflow, tsunamis),<br \/>\n4. Ces \u00e9tudes se basent sur des donn\u00e9es de t\u00e9l\u00e9d\u00e9tection spatiale (imagerie, spectro-imagerie) et des donn\u00e9es de terrain coupl\u00e9es \u00e0 une analyse morphom\u00e9trique, g\u00e9ochronologique et g\u00e9ochimique, et sur des d\u00e9veloppements m\u00e9thodologiques et instrumentaux (datation isotopique, chronologie par densit\u00e9 de crat\u00e8re, mod\u00e9lisation num\u00e9rique, intelligence artificielle, exp\u00e9rimentation en laboratoire chenal hydraulique, chambre froide \u2026).<\/p>\n<p>Les animateurs du th\u00e8mes sont Fr\u00e9d\u00e9ric Schmidt et Anthony Hildenbrand.<\/p>\n<\/div><\/div><\/div><\/div><\/div><div class=\"fusion-fullwidth fullwidth-box fusion-builder-row-2 fusion-flex-container has-pattern-background has-mask-background nonhundred-percent-fullwidth non-hundred-percent-height-scrolling\" style=\"--awb-border-sizes-top:30px;--awb-border-sizes-bottom:30px;--awb-border-sizes-left:30px;--awb-border-sizes-right:30px;--awb-border-radius-top-left:0px;--awb-border-radius-top-right:0px;--awb-border-radius-bottom-right:0px;--awb-border-radius-bottom-left:0px;--awb-background-color:var(--awb-color3);--awb-flex-wrap:wrap;\" ><div class=\"fusion-builder-row fusion-row fusion-flex-align-items-flex-start fusion-flex-content-wrap\" style=\"max-width:1248px;margin-left: calc(-4% \/ 2 );margin-right: calc(-4% \/ 2 );\"><div class=\"fusion-layout-column fusion_builder_column fusion-builder-column-1 fusion_builder_column_1_1 1_1 fusion-flex-column\" style=\"--awb-bg-size:cover;--awb-width-large:100%;--awb-margin-top-large:0px;--awb-spacing-right-large:1.92%;--awb-margin-bottom-large:20px;--awb-spacing-left-large:1.92%;--awb-width-medium:100%;--awb-order-medium:0;--awb-spacing-right-medium:1.92%;--awb-spacing-left-medium:1.92%;--awb-width-small:100%;--awb-order-small:0;--awb-spacing-right-small:1.92%;--awb-spacing-left-small:1.92%;\"><div class=\"fusion-column-wrapper fusion-column-has-shadow fusion-flex-justify-content-flex-start fusion-content-layout-column\"><div class=\"fusion-title title fusion-title-2 fusion-sep-none fusion-title-text fusion-title-size-two\" style=\"--awb-margin-top-small:10px;--awb-margin-right-small:0px;--awb-margin-bottom-small:10px;--awb-margin-left-small:0px;\"><h2 class=\"fusion-title-heading title-heading-left fusion-responsive-typography-calculated\" style=\"margin:0;--fontSize:46;line-height:var(--awb-typography1-line-height);\">Les th\u00e9matiques<\/h2><\/div><\/div><\/div><div class=\"fusion-layout-column fusion_builder_column fusion-builder-column-2 fusion_builder_column_1_3 1_3 fusion-flex-column fusion-column-inner-bg-wrapper\" style=\"--awb-padding-top:40px;--awb-padding-right:30px;--awb-padding-bottom:40px;--awb-padding-left:30px;--awb-inner-bg-color:var(--awb-color1);--awb-inner-bg-color-hover:var(--awb-color1);--awb-inner-bg-size:cover;--awb-width-large:33.333333333333%;--awb-margin-top-large:30px;--awb-spacing-right-large:5.76%;--awb-margin-bottom-large:30px;--awb-spacing-left-large:5.76%;--awb-width-medium:33.333333333333%;--awb-order-medium:0;--awb-spacing-right-medium:5.76%;--awb-spacing-left-medium:5.76%;--awb-width-small:100%;--awb-order-small:0;--awb-spacing-right-small:1.92%;--awb-spacing-left-small:1.92%;\" data-scroll-devices=\"small-visibility,medium-visibility,large-visibility\"><span class=\"fusion-column-inner-bg hover-type-none\"><a class=\"fusion-column-anchor\" href=\"https:\/\/geops.geol.u-psud.fr\/etp\/mars-et-planetes-primitif\/\"><span class=\"fusion-column-inner-bg-image\"><\/span><\/a><\/span><div class=\"fusion-column-wrapper fusion-column-has-shadow fusion-flex-justify-content-flex-start fusion-content-layout-column\"><i class=\"fb-icon-element-1 fb-icon-element fontawesome-icon fa-globe-europe fas circle-yes\" style=\"--awb-circlecolor:var(--awb-color8);--awb-circlecolor-hover:var(--awb-color8);--awb-circlebordersize:1px;--awb-font-size:22px;--awb-width:44px;--awb-height:44px;--awb-line-height:42px;--awb-margin-top:0;--awb-margin-right:0;--awb-margin-bottom:0;--awb-margin-left:0;--awb-align-self:center;\"><\/i><div class=\"fusion-text fusion-text-2\" style=\"--awb-font-size:28px;--awb-line-height:1.2;--awb-text-color:var(--awb-custom_color_1);--awb-text-font-family:&quot;Figtree&quot;;--awb-text-font-style:normal;--awb-text-font-weight:400;\"><p style=\"text-align: center;\"><strong>Mars et plan\u00e8tes primitif<\/strong><\/p>\n<\/div><div class=\"fusion-text fusion-text-3\" style=\"--awb-text-color:var(--awb-color8);\"><p style=\"text-align: center;\"><strong>Projets associ\u00e9s :<\/strong><\/p>\n<\/div><div class=\"fusion-text fusion-text-4\"><p style=\"text-align: center;\"><span data-olk-copy-source=\"MessageBody\">Mars Express: HRSC, OMEGA et PFS<br \/>\nExoMars TGO et Rosalind Franklin<br \/>\n<\/span><\/p>\n<\/div><\/div><\/div><div class=\"fusion-layout-column fusion_builder_column fusion-builder-column-3 fusion_builder_column_1_3 1_3 fusion-flex-column fusion-column-inner-bg-wrapper\" style=\"--awb-padding-top:40px;--awb-padding-right:30px;--awb-padding-bottom:40px;--awb-padding-left:30px;--awb-inner-bg-color:var(--awb-color1);--awb-inner-bg-color-hover:var(--awb-color1);--awb-inner-bg-size:cover;--awb-width-large:33.333333333333%;--awb-margin-top-large:30px;--awb-spacing-right-large:5.76%;--awb-margin-bottom-large:30px;--awb-spacing-left-large:5.76%;--awb-width-medium:33.333333333333%;--awb-order-medium:0;--awb-spacing-right-medium:5.76%;--awb-spacing-left-medium:5.76%;--awb-width-small:100%;--awb-order-small:0;--awb-spacing-right-small:1.92%;--awb-spacing-left-small:1.92%;\" data-scroll-devices=\"small-visibility,medium-visibility,large-visibility\"><span class=\"fusion-column-inner-bg hover-type-none\"><a class=\"fusion-column-anchor\" href=\"https:\/\/geops.geol.u-psud.fr\/etp\/datation-et-developpements-methodologiques\/\"><span class=\"fusion-column-inner-bg-image\"><\/span><\/a><\/span><div class=\"fusion-column-wrapper fusion-column-has-shadow fusion-flex-justify-content-flex-start fusion-content-layout-column\"><i class=\"fb-icon-element-2 fb-icon-element fontawesome-icon fa-chart-line fas circle-yes\" style=\"--awb-circlecolor:var(--awb-color8);--awb-circlecolor-hover:var(--awb-color8);--awb-circlebordersize:1px;--awb-font-size:22px;--awb-width:44px;--awb-height:44px;--awb-line-height:42px;--awb-margin-top:0;--awb-margin-right:0;--awb-margin-bottom:0;--awb-margin-left:0;--awb-align-self:center;\"><\/i><div class=\"fusion-text fusion-text-5\" style=\"--awb-font-size:28px;--awb-line-height:1.2;--awb-text-color:var(--awb-custom_color_1);--awb-text-font-family:&quot;Figtree&quot;;--awb-text-font-style:normal;--awb-text-font-weight:400;\"><p style=\"text-align: center;\"><strong>Datation et d\u00e9veloppements m\u00e9thodologiques<\/strong><\/p>\n<\/div><div class=\"fusion-text fusion-text-6\" style=\"--awb-text-color:var(--awb-color8);\"><p style=\"text-align: center;\"><strong>Projets associ\u00e9s :<\/strong><\/p>\n<\/div><div class=\"fusion-text fusion-text-7\"><p style=\"text-align: center;\"><span data-olk-copy-source=\"MessageBody\">Mars Express: HRSC, OMEGA et PFS<br \/>\nExoMars TGO et Rosalind Franklin<br \/>\nM\u00e1ni<br \/>\nPDSSP<br \/>\n<\/span><\/p>\n<\/div><\/div><\/div><div class=\"fusion-layout-column fusion_builder_column fusion-builder-column-4 fusion_builder_column_1_3 1_3 fusion-flex-column fusion-column-inner-bg-wrapper\" style=\"--awb-padding-top:40px;--awb-padding-right:30px;--awb-padding-bottom:40px;--awb-padding-left:30px;--awb-inner-bg-color:var(--awb-color1);--awb-inner-bg-color-hover:var(--awb-color1);--awb-inner-bg-size:cover;--awb-width-large:33.333333333333%;--awb-margin-top-large:30px;--awb-spacing-right-large:5.76%;--awb-margin-bottom-large:30px;--awb-spacing-left-large:5.76%;--awb-width-medium:33.333333333333%;--awb-order-medium:0;--awb-spacing-right-medium:5.76%;--awb-spacing-left-medium:5.76%;--awb-width-small:100%;--awb-order-small:0;--awb-spacing-right-small:1.92%;--awb-spacing-left-small:1.92%;\" data-scroll-devices=\"small-visibility,medium-visibility,large-visibility\"><span class=\"fusion-column-inner-bg hover-type-none\"><a class=\"fusion-column-anchor\" href=\"https:\/\/geops.geol.u-psud.fr\/etp\/processus-planetaires-actuels-et-leurs-impacts\/\"><span class=\"fusion-column-inner-bg-image\"><\/span><\/a><\/span><div class=\"fusion-column-wrapper fusion-column-has-shadow fusion-flex-justify-content-flex-start fusion-content-layout-column\"><i class=\"fb-icon-element-3 fb-icon-element fontawesome-icon fa-globe fas circle-yes\" style=\"--awb-circlecolor:var(--awb-color8);--awb-circlecolor-hover:var(--awb-color8);--awb-circlebordersize:1px;--awb-font-size:22px;--awb-width:44px;--awb-height:44px;--awb-line-height:42px;--awb-margin-top:0;--awb-margin-right:0;--awb-margin-bottom:0;--awb-margin-left:0;--awb-align-self:center;\"><\/i><div class=\"fusion-text fusion-text-8\" style=\"--awb-font-size:28px;--awb-line-height:1.2;--awb-text-color:var(--awb-custom_color_1);--awb-text-font-family:&quot;Figtree&quot;;--awb-text-font-style:normal;--awb-text-font-weight:400;\"><p style=\"text-align: center;\"><strong>Processus plan\u00e9taires actuels et leurs impacts<\/strong><\/p>\n<\/div><div class=\"fusion-text fusion-text-9\" style=\"--awb-text-color:var(--awb-color8);\"><p style=\"text-align: center;\"><strong>Projets associ\u00e9s :<\/strong><\/p>\n<\/div><div class=\"fusion-text fusion-text-10\"><p style=\"text-align: center;\"><span data-olk-copy-source=\"MessageBody\">Mars Express: HRSC, OMEGA et PFS<br \/>\n<\/span> <span data-olk-copy-source=\"MessageBody\">ExoMars TGO et Rosalind Franklin<br \/>\nBepi Colombo BELA et JUICE GALA<br \/>\nPerg\u00e9lisol<br \/>\nM\u00e1ni<br \/>\nPDSSP<\/span><\/p>\n<\/div><\/div><\/div><div class=\"fusion-layout-column fusion_builder_column fusion-builder-column-5 fusion_builder_column_1_3 1_3 fusion-flex-column fusion-column-inner-bg-wrapper\" style=\"--awb-padding-top:40px;--awb-padding-right:30px;--awb-padding-bottom:40px;--awb-padding-left:30px;--awb-inner-bg-color:var(--awb-color1);--awb-inner-bg-color-hover:var(--awb-color1);--awb-inner-bg-size:cover;--awb-width-large:33.333333333333%;--awb-margin-top-large:30px;--awb-spacing-right-large:5.76%;--awb-margin-bottom-large:30px;--awb-spacing-left-large:5.76%;--awb-width-medium:33.333333333333%;--awb-order-medium:0;--awb-spacing-right-medium:5.76%;--awb-spacing-left-medium:5.76%;--awb-width-small:100%;--awb-order-small:0;--awb-spacing-right-small:1.92%;--awb-spacing-left-small:1.92%;\" data-scroll-devices=\"small-visibility,medium-visibility,large-visibility\"><span class=\"fusion-column-inner-bg hover-type-none\"><a class=\"fusion-column-anchor\" href=\"https:\/\/geops.geol.u-psud.fr\/etp\/volcanisme-actif-et-passe\/\"><span class=\"fusion-column-inner-bg-image\"><\/span><\/a><\/span><div class=\"fusion-column-wrapper fusion-column-has-shadow fusion-flex-justify-content-flex-start fusion-content-layout-column\"><i class=\"fb-icon-element-4 fb-icon-element fontawesome-icon fa-mountain fas circle-yes\" style=\"--awb-circlecolor:var(--awb-color8);--awb-circlecolor-hover:var(--awb-color8);--awb-circlebordersize:1px;--awb-font-size:22px;--awb-width:44px;--awb-height:44px;--awb-line-height:42px;--awb-margin-top:0;--awb-margin-right:0;--awb-margin-bottom:0;--awb-margin-left:0;--awb-align-self:center;\"><\/i><div class=\"fusion-text fusion-text-11\" style=\"--awb-font-size:28px;--awb-line-height:1.2;--awb-text-color:var(--awb-custom_color_1);--awb-text-font-family:&quot;Figtree&quot;;--awb-text-font-style:normal;--awb-text-font-weight:400;\"><p style=\"text-align: center;\"><strong>Volcanisme actif et pass\u00e9<\/strong><\/p>\n<\/div><div class=\"fusion-text fusion-text-12\" style=\"--awb-text-color:var(--awb-color8);\"><p style=\"text-align: center;\"><strong>Projets associ\u00e9s :<\/strong><\/p>\n<\/div><div class=\"fusion-text fusion-text-13\"><p style=\"text-align: center;\"><span data-olk-copy-source=\"MessageBody\">Mars Express: HRSC, OMEGA et PFS<br \/>\n<\/span> <span data-olk-copy-source=\"MessageBody\">ExoMars TGO et Rosalind Franklin<br \/>\nBepi Colombo BELA et JUICE GALA<br \/>\nPerg\u00e9lisol<br \/>\nM\u00e1ni<br \/>\nPDSSP<\/span><\/p>\n<\/div><\/div><\/div><\/div><\/div><div class=\"fusion-fullwidth fullwidth-box fusion-builder-row-3 fusion-flex-container has-pattern-background has-mask-background nonhundred-percent-fullwidth non-hundred-percent-height-scrolling\" style=\"--awb-border-radius-top-left:0px;--awb-border-radius-top-right:0px;--awb-border-radius-bottom-right:0px;--awb-border-radius-bottom-left:0px;--awb-flex-wrap:wrap;\" ><div class=\"fusion-builder-row fusion-row fusion-flex-align-items-flex-start fusion-flex-content-wrap\" style=\"max-width:1248px;margin-left: calc(-4% \/ 2 );margin-right: calc(-4% \/ 2 );\"><\/div><\/div><\/p>\n","protected":false},"excerpt":{"rendered":"","protected":false},"author":1,"featured_media":0,"parent":0,"menu_order":0,"comment_status":"closed","ping_status":"closed","template":"","meta":{"footnotes":""},"class_list":["post-8","page","type-page","status-publish","hentry"],"_links":{"self":[{"href":"https:\/\/geops.geol.u-psud.fr\/etp\/wp-json\/wp\/v2\/pages\/8","targetHints":{"allow":["GET"]}}],"collection":[{"href":"https:\/\/geops.geol.u-psud.fr\/etp\/wp-json\/wp\/v2\/pages"}],"about":[{"href":"https:\/\/geops.geol.u-psud.fr\/etp\/wp-json\/wp\/v2\/types\/page"}],"author":[{"embeddable":true,"href":"https:\/\/geops.geol.u-psud.fr\/etp\/wp-json\/wp\/v2\/users\/1"}],"replies":[{"embeddable":true,"href":"https:\/\/geops.geol.u-psud.fr\/etp\/wp-json\/wp\/v2\/comments?post=8"}],"version-history":[{"count":15,"href":"https:\/\/geops.geol.u-psud.fr\/etp\/wp-json\/wp\/v2\/pages\/8\/revisions"}],"predecessor-version":[{"id":125,"href":"https:\/\/geops.geol.u-psud.fr\/etp\/wp-json\/wp\/v2\/pages\/8\/revisions\/125"}],"wp:attachment":[{"href":"https:\/\/geops.geol.u-psud.fr\/etp\/wp-json\/wp\/v2\/media?parent=8"}],"curies":[{"name":"wp","href":"https:\/\/api.w.org\/{rel}","templated":true}]}}