{"id":75,"date":"2025-09-30T14:31:24","date_gmt":"2025-09-30T12:31:24","guid":{"rendered":"https:\/\/geops.geol.u-psud.fr\/br\/?page_id=75"},"modified":"2025-12-04T12:23:51","modified_gmt":"2025-12-04T11:23:51","slug":"claycoat","status":"publish","type":"page","link":"https:\/\/geops.geol.u-psud.fr\/br\/claycoat\/","title":{"rendered":"CLAYCOAT"},"content":{"rendered":"<p><div class=\"fusion-fullwidth fullwidth-box fusion-builder-row-1 fusion-flex-container has-pattern-background has-mask-background nonhundred-percent-fullwidth non-hundred-percent-height-scrolling\" style=\"--awb-border-radius-top-left:0px;--awb-border-radius-top-right:0px;--awb-border-radius-bottom-right:0px;--awb-border-radius-bottom-left:0px;--awb-flex-wrap:wrap;\" ><div class=\"fusion-builder-row fusion-row fusion-flex-align-items-flex-start fusion-flex-content-wrap\" style=\"max-width:1248px;margin-left: calc(-4% \/ 2 );margin-right: calc(-4% \/ 2 );\"><div class=\"fusion-layout-column fusion_builder_column fusion-builder-column-0 fusion_builder_column_1_2 1_2 fusion-flex-column\" style=\"--awb-padding-top:12%;--awb-padding-right:12%;--awb-padding-bottom:12%;--awb-padding-left:12%;--awb-bg-color:var(--awb-color1);--awb-bg-color-hover:var(--awb-color1);--awb-bg-size:cover;--awb-width-large:50%;--awb-margin-top-large:0px;--awb-spacing-right-large:3.84%;--awb-margin-bottom-large:0px;--awb-spacing-left-large:3.072%;--awb-width-medium:50%;--awb-order-medium:0;--awb-spacing-right-medium:3.84%;--awb-spacing-left-medium:3.072%;--awb-width-small:100%;--awb-order-small:0;--awb-spacing-right-small:1.92%;--awb-spacing-left-small:1.92%;\" data-scroll-devices=\"small-visibility,medium-visibility,large-visibility\"><div class=\"fusion-column-wrapper fusion-column-has-shadow fusion-flex-justify-content-flex-start fusion-content-layout-column\"><div class=\"fusion-title title fusion-title-1 fusion-sep-none fusion-title-text fusion-title-size-two\" style=\"--awb-margin-top-small:10px;--awb-margin-right-small:0px;--awb-margin-bottom-small:10px;--awb-margin-left-small:0px;\"><h2 class=\"fusion-title-heading title-heading-left fusion-responsive-typography-calculated\" style=\"margin:0;--fontSize:46;line-height:var(--awb-typography1-line-height);\">CLAYCOAT \u00ab CLAY COATing in shallow marine clastic deposits to improve reservoir quality prediction \u00bb<\/h2><\/div><\/div><\/div><div class=\"fusion-layout-column fusion_builder_column fusion-builder-column-1 fusion_builder_column_1_2 1_2 fusion-flex-column fusion-flex-align-self-stretch\" style=\"--awb-bg-size:cover;--awb-width-large:50%;--awb-margin-top-large:0px;--awb-spacing-right-large:3.84%;--awb-margin-bottom-large:20px;--awb-spacing-left-large:3.84%;--awb-width-medium:50%;--awb-order-medium:0;--awb-spacing-right-medium:3.84%;--awb-spacing-left-medium:3.84%;--awb-width-small:100%;--awb-order-small:0;--awb-spacing-right-small:1.92%;--awb-spacing-left-small:1.92%;\" data-scroll-devices=\"small-visibility,medium-visibility,large-visibility\"><div class=\"fusion-column-wrapper fusion-column-has-shadow fusion-flex-justify-content-center fusion-content-layout-column\"><div class=\"fusion-image-element \" style=\"--awb-caption-title-font-family:var(--h2_typography-font-family);--awb-caption-title-font-weight:var(--h2_typography-font-weight);--awb-caption-title-font-style:var(--h2_typography-font-style);--awb-caption-title-size:var(--h2_typography-font-size);--awb-caption-title-transform:var(--h2_typography-text-transform);--awb-caption-title-line-height:var(--h2_typography-line-height);--awb-caption-title-letter-spacing:var(--h2_typography-letter-spacing);\"><span class=\" fusion-imageframe imageframe-none imageframe-1 hover-type-none\"><img decoding=\"async\" width=\"605\" height=\"354\" title=\"claycoat\" src=\"https:\/\/geops.geol.u-psud.fr\/br\/wp-content\/uploads\/sites\/2\/2025\/09\/claycoat.png\" alt class=\"img-responsive wp-image-76\" srcset=\"https:\/\/geops.geol.u-psud.fr\/br\/wp-content\/uploads\/sites\/2\/2025\/09\/claycoat-200x117.png 200w, https:\/\/geops.geol.u-psud.fr\/br\/wp-content\/uploads\/sites\/2\/2025\/09\/claycoat-400x234.png 400w, https:\/\/geops.geol.u-psud.fr\/br\/wp-content\/uploads\/sites\/2\/2025\/09\/claycoat-600x351.png 600w, https:\/\/geops.geol.u-psud.fr\/br\/wp-content\/uploads\/sites\/2\/2025\/09\/claycoat.png 605w\" sizes=\"(max-width: 640px) 100vw, 600px\" \/><\/span><\/div><div class=\"fusion-text fusion-text-1\"><p style=\"text-align: center;\">Processus responsables du drappage argileux affectant les sables actuels dans l\u2019estuaire de la Gironde (Virolle et al., 2019)<\/p>\n<\/div><\/div><\/div><\/div><\/div><div class=\"fusion-fullwidth fullwidth-box fusion-builder-row-2 fusion-flex-container has-pattern-background has-mask-background nonhundred-percent-fullwidth non-hundred-percent-height-scrolling\" style=\"--awb-border-radius-top-left:0px;--awb-border-radius-top-right:0px;--awb-border-radius-bottom-right:0px;--awb-border-radius-bottom-left:0px;--awb-flex-wrap:wrap;\" ><div class=\"fusion-builder-row fusion-row fusion-flex-align-items-flex-start fusion-flex-content-wrap\" style=\"max-width:1248px;margin-left: calc(-4% \/ 2 );margin-right: calc(-4% \/ 2 );\"><div class=\"fusion-layout-column fusion_builder_column fusion-builder-column-2 fusion_builder_column_1_1 1_1 fusion-flex-column\" style=\"--awb-bg-size:cover;--awb-width-large:100%;--awb-margin-top-large:0px;--awb-spacing-right-large:1.92%;--awb-margin-bottom-large:20px;--awb-spacing-left-large:1.92%;--awb-width-medium:100%;--awb-order-medium:0;--awb-spacing-right-medium:1.92%;--awb-spacing-left-medium:1.92%;--awb-width-small:100%;--awb-order-small:0;--awb-spacing-right-small:1.92%;--awb-spacing-left-small:1.92%;\"><div class=\"fusion-column-wrapper fusion-column-has-shadow fusion-flex-justify-content-flex-start fusion-content-layout-column\"><div class=\"fusion-text fusion-text-2\"><\/div><div class=\"fusion-text fusion-text-3\"><p><strong>Introduction<\/strong><\/p>\n<p>La qualit\u00e9 des r\u00e9servoirs est l\u2019un des facteurs \u00ab risque \u00bb pour l\u2019exploration d\u2019hydrocarbures ou pour le d\u00e9veloppement futur de la g\u00e9othermie dans les hydro-syst\u00e8mes silicoclastiques. En effet, les propri\u00e9t\u00e9s de porosit\u00e9 et perm\u00e9abilit\u00e9 contr\u00f4lent en grande partie la qualit\u00e9 de ces r\u00e9servoirs. Depuis une cinquantaine d\u2019ann\u00e9es, les travaux sur la diagen\u00e8se des gr\u00e8s montrent que la pr\u00e9sence de tapissages argileux -notamment chloritiques ferreux- entourant les grains d\u00e9tritiques de quartz (ou <em>grain coatings<\/em>) est associ\u00e9e \u00e0 des r\u00e9servoirs \u00e0 fortes perm\u00e9abilit\u00e9s (Pittman and Lumsden, 1968). Ces tapissages inhibent notamment la pr\u00e9cipitation de ciment de quartz au cours de la diagen\u00e8se d\u2019enfouissement, et pr\u00e9servent ainsi les fortes porosit\u00e9s (&gt;20%) et perm\u00e9abilit\u00e9s (&gt;100mD) m\u00eame \u00e0 des profondeurs tr\u00e8s importantes (&gt;3500 m). Leur extension \u00e0 l\u2019\u00e9chelle du pore est d\u00e9terminante sur la porosit\u00e9. Des tapissages continus inhibent compl\u00e8tement la cimentation de quartz tandis que des tapissages discontinus laissent de l\u2019espace permettant la nucl\u00e9ation de surcroissances. Une des hypoth\u00e8ses est que ces tapissages argileux se mettent en place pr\u00e9cocement dans une partie des sables se d\u00e9posant dans divers environnements comme les estuaires, les deltas, les lobes turbiditiques, les plaines fluviatiles ou les dunes \u00e9oliennes (Dowey et al., 2012).<\/p>\n<p>Les r\u00e9servoirs localis\u00e9s dans des formations estuariennes ou turbiditiques (ex. en Mer du Nord) incluent d\u2019abondants faci\u00e8s \u00e0 tapissages argileux (notamment de chlorites ferreuses) qui forment souvent d\u2019excellents r\u00e9servoirs d\u2019hydrocarbures (Worden et al., 2020). Dans ces formations d\u00e9tritiques, m\u00eame si le lien entre pr\u00e9sence de tapissage argileux et bonne perm\u00e9abilit\u00e9 est maintenant bien admise, il existe beaucoup d\u2019incertitudes sur leur variabilit\u00e9 spatiale, ce qui limite la pr\u00e9diction des qualit\u00e9s r\u00e9servoir. L\u2019origine de ce(s) facteur(s) de contr\u00f4le fait actuellement l\u2019objet de d\u00e9bats dans la communaut\u00e9 scientifique. En effet, les donn\u00e9es de sub-surface montrent que ces tapissages argileux ont une r\u00e9partition tr\u00e8s h\u00e9t\u00e9rog\u00e8ne, m\u00eame dans un cadre s\u00e9dimentologique bien contraint (barres sableuses tidales, lobe turbiditique), et leur pr\u00e9sence est difficilement pr\u00e9dictible. Les conditions de d\u00e9p\u00f4t de ces argiles: position dans l\u2019estuaire ou le lobe turbiditique, chimie de l\u2019eau, timing, r\u00f4le des tapis microbiens et des macro organismes sont tr\u00e8s peu connues (Haile et al., 2015). Afin d\u2019am\u00e9liorer la productivit\u00e9 des r\u00e9servoirs \u00e0 hydrocarbures ou d\u2019assurer la disponibilit\u00e9 de la ressource g\u00e9othermique de mani\u00e8re durable, ce projet vise \u00e0 mieux d\u00e9finir l\u2019origine, la nature et la localisation spatio-temporelle des tapissages argileux de type chlorite dans un cadre s\u00e9dimentologique et stratigraphique bien d\u00e9fini.<\/p>\n<p>L\u2019approche adopt\u00e9e a \u00e9t\u00e9 de comparer des r\u00e9servoirs anciens de profondeurs vari\u00e9es, c\u2019est-\u00e0-dire de 0.5 km \u00e0 4 km (produits ou explor\u00e9s par Neptune Energy, ENGIE et sa filiale Storengy : Mer du Nord, Australie, Alg\u00e9rie, Qatar, Bassin de Paris) avec un analogue actuel (bassin d\u2019Arcachon et estuaire de la Gironde) en r\u00e9pondant, par exemple, aux questions suivantes sur l\u2019origine des tapissages argileux:<\/p>\n<ul>\n<li>Des tapissages argileux sont-t-ils pr\u00e9sents dans l\u2019estuaire de la Gironde?<\/li>\n<li>Si oui, quelle est leur min\u00e9ralogie ? et quelle est leur distribution dans l\u2019estuaire ou le lobe turbiditique?<\/li>\n<li>Sont-ils associ\u00e9s \u00e0 un hydrodynamisme sp\u00e9cifique dans l\u2019estuaire ou le lobe turbiditique?<\/li>\n<li>Quels sont les param\u00e8tres physico-chimiques (temp\u00e9rature, turbidit\u00e9, salinit\u00e9, pH, potentiel RedOx\u2026) qui contr\u00f4lent la floculation de l\u2019argile autour des grains d\u00e9tritiques et dans quel faci\u00e8s et quels corps s\u00e9dimentaires sont-ils produits de mani\u00e8re maximale?<\/li>\n<li>Quelles sont les conditions initiales propices au d\u00e9veloppement de chlorite lors de la diagen\u00e8se (min\u00e9raux pr\u00e9curseurs, pourcentage d\u2019argile dans les sables, forme des coats, nature des <em>coats<\/em>, pourcentage de grains sableux tapiss\u00e9s d\u2019argiles en fonction de la localisation dans l\u2019estuaire ou le lobe turbiditique) ?<\/li>\n<li>Quels sont les min\u00e9raux pr\u00e9curseurs des chlorites?<\/li>\n<li>Dans quelles conditions cristallisent-t-ils (profondeur, temp\u00e9rature\u2026) ?<\/li>\n<li>Quels sont les conditions diag\u00e9n\u00e9tiques permettant de cristalliser des chlorites lors de l\u2019enfouissement, notamment la chimie du Fer?<\/li>\n<li>Quel est l\u2019importance des processus d\u2019alt\u00e9ration et du contexte source-to-sink\u00a0?<\/li>\n<li>Quel est le r\u00f4le des tapis microbiens dans la formation des tapissages argileux ?<\/li>\n<li>Les tapissages sont-ils syst\u00e9matiquement associ\u00e9s \u00e0 de bonnes qualit\u00e9s r\u00e9servoirs?<\/li>\n<li>Quel est le lien entre l\u2019apparition ou la pr\u00e9sence des tapissages argileux, stratigraphie s\u00e9quentielle et environnement de d\u00e9p\u00f4t?<\/li>\n<\/ul>\n<p>Ce type d\u2019\u00e9tude semble \u00eatre un pr\u00e9requis pour toute am\u00e9lioration dans la pr\u00e9diction de la qualit\u00e9 des r\u00e9servoirs, et pourrait donc augmenter consid\u00e9rablement la fiabilit\u00e9 de la mod\u00e9lisation 3D de ces r\u00e9servoirs.<\/p>\n<\/div><div class=\"fusion-text fusion-text-4\"><p><strong>Th\u00e9matique :<\/strong> Les argiles tapissant les grains de quartz dans les gr\u00e8s sont reconnus comme \u00e9tant un des facteurs clef contr\u00f4lant la qualit\u00e9 des r\u00e9servoirs silicoclastiques. Il semble que l\u2019environnement de d\u00e9p\u00f4t joue un r\u00f4le primordial sur leur pr\u00e9sence mais ce lien reste \u00e0 d\u00e9montrer et pr\u00e9ciser, comme caract\u00e9riser le lieu exact de leur formation dans l\u2019estuaire. Comme leur pr\u00e9sence ou absence conditionne le type de processus physico-chimique se d\u00e9veloppant pendant l\u2019enfouissement et donc r\u00e9gissent l\u2019\u00e9volution des propri\u00e9t\u00e9s p\u00e9trophysiques des bassins, il est important d\u2019am\u00e9liorer la compr\u00e9hension de leur gen\u00e8se pr\u00e9coce (jusqu\u2019\u00e0 1 km d\u2019enfouissement). Le projet s\u2019attache \u00e0 mettre en parall\u00e8le (1) des observations et caract\u00e9risations s\u00e9dimentologiques de d\u00e9p\u00f4ts actuels avec (2) des observations et analyses d\u2019\u00e9chantillons de subsurface afin de mieux comprendre l\u2019origine du d\u00e9veloppement des tapissages argileux dans les gr\u00e8s. Il s\u2019agit \u00e9galement de tester le degr\u00e9 de relation entre ce processus physico-chimique et le d\u00e9veloppement de r\u00e9servoirs ou la pr\u00e9servation de qualit\u00e9s r\u00e9servoirs.<\/p>\n<\/div><div class=\"fusion-text fusion-text-5\"><p><strong>Objectifs :<\/strong> Les objectifs de ce projet sont<\/p>\n<ul>\n<li>de d\u00e9terminer la distribution spatio-temporelle de l\u2019argile et des tapissages argileux (min\u00e9ralogie, cristallochimie, propri\u00e9t\u00e9s texturales et microstructurales) dans des environnements s\u00e9dimentaires bien contraints et dans un cadre stratigraphique bien d\u00e9fini.<\/li>\n<li>de mieux comprendre les facteurs contr\u00f4lant la formation des tapissages argileux dans les r\u00e9servoirs silicoclastiques<\/li>\n<li>si possible, de d\u00e9crire les processus de leur formation et d\u2019identifier les diff\u00e9rents pr\u00e9curseurs min\u00e9raux \u00e0 l\u2019origine des tapissages argileux pr\u00e9sents dans les r\u00e9servoirs tr\u00e8s enfouis<\/li>\n<li>corr\u00e9ler la pr\u00e9sence de ces tapissages avec les qualit\u00e9s r\u00e9servoirs<\/li>\n<\/ul>\n<\/div><div class=\"fusion-text fusion-text-6\"><p><strong>R\u00e9f\u00e9rences<\/strong><\/p>\n<p>Dowey, P.J., Hodgson, D.M., Worden, R.H., 2012. Pre-requisites, processes, and prediction of chlorite grain coatings in petroleum reservoirs: A review of subsurface examples. Marine and Petroleum Geology 32, 63\u201375. https:\/\/doi.org\/10.1016\/j.marpetgeo.2011.11.007<\/p>\n<p>Haile, B.G., Hellevang, H., Aagaard, P., Jahren, J., 2015. Experimental nucleation and growth of smectite and chlorite coatings on clean feldspar and quartz grain surfaces. Marine and Petroleum Geology 68, 664\u2013674. https:\/\/doi.org\/10.1016\/j.marpetgeo.2015.02.006<\/p>\n<p>Pittman, E.D., Lumsden, D.N., 1968. Relationship between chlorite coatings on quartz grains and porosity, Spiro Sand, Oklahoma. Journal of Sedimentary Petrology 38, 668\u2013670. https:\/\/doi.org\/10.1306\/74D71A28-2B21-11D7-8648000102C1865D<\/p>\n<p>Worden, R.H., Griffiths, J., Wooldridge, L.J., Utley, J.E.P., Lawan, A.Y., Muhammed, D.D., Simon, N., Armitage, P.J., 2020. Chlorite in sandstones. Earth-Science Reviews 204, 103105. https:\/\/doi.org\/10.1016\/j.earscirev.2020.103105<\/p>\n<\/div><div class=\"fusion-text fusion-text-7\"><p><strong>Articles dans des revues internationales \u00e0 comit\u00e9 de lecture, r\u00e9f\u00e9renc\u00e9s dans Web of Science<\/strong><\/p>\n<p><strong><em>En Gras\u00a0: personnel GEOPS\u00a0; En soulign\u00e9 : doctorants ou stagiaires de masters (co-)encadr\u00e9s<\/em><\/strong><\/p>\n<p>(12)\u00a0\u00a0\u00a0 <strong><u>Azzam, F<\/u>., Blaise, T.<\/strong>, Patrier, P., Beaufort, D., <strong>Barbarand, J.<\/strong>, Elmola, A.A., <strong>Brigaud, B<\/strong><strong>.<\/strong>, Portier, E., Clerc, S., 2024. Impact of sediment provenance and depositional setting on chlorite content in Cretaceous turbiditic sandstones, Norway. Basin Research, 36, e12867. <a href=\"https:\/\/doi.org\/10.1111\/bre.12867\">https:\/\/doi.org\/10.1111\/bre.12867<\/a><\/p>\n<p>(11)\u00a0\u00a0\u00a0 <strong><u>Azzam, F.<\/u>, Blaise, T., <u>Dewla, M.<\/u><\/strong>, Patrier, P., Beaufort, D., Elmola, A.A., Brigaud, B., Portier, E., <strong>Barbarand, J.<\/strong>, Clerc, S., 2023. Role of depositional environment on clay coat distribution in deeply buried turbidite sandstones: Insights from the Agat field, Norwegian North Sea. Marine and Petroleum Geology, 155, 106379 <a href=\"https:\/\/doi.org\/10.1016\/j.marpetgeo.2023.106379\">https:\/\/doi.org\/10.1016\/j.marpetgeo.2023.106379<\/a><\/p>\n<p>(10)\u00a0\u00a0\u00a0 Patrier, P., Beaufort, D., <strong><u>Azzam, F.<\/u>, Blaise, T.<\/strong>, Portier, E., <strong>Brigaud, B.<\/strong>, Clerc, S., 2023. New insights on diagenetic chlorite and its source material in turbiditic sandstones of contrasted reservoir quality in the Lower Cretaceous Agat formation (Duva oil and gas field, northern Norwegian North Sea). Marine and Petroleum Geology, 152, 106221 <a href=\"https:\/\/doi.org\/10.1016\/j.marpetgeo.2023.106221\">https:\/\/doi.org\/10.1016\/j.marpetgeo.2023.106221<\/a><\/p>\n<p>(9)\u00a0\u00a0\u00a0\u00a0 Duteil, T., Bourillot, R., Braissant, O., Gr\u00e9goire, B., Leloup, M., Portier, E., <strong>Brigaud, B.<\/strong>, F\u00e9ni\u00e8s, H., Svahn, I., Henry, A., Yokoyama, Y., Visscher, P.T., 2022. Preservation of exopolymeric substances in estuarine sediments. Frontiers in Microbiology, 13, 921154 <a href=\"https:\/\/doi.org\/10.3389\/fmicb.2022.921154\">https:\/\/doi.org\/10.3389\/fmicb.2022.921154<\/a><\/p>\n<p>(8)\u00a0\u00a0\u00a0\u00a0<strong> <u>Azzam, F.<\/u>, Blaise, T.<\/strong>, Patrier, P., Elmola, A.A., Beaufort, D., Portier, E., <strong>Brigaud, B., Barbarand, J.<\/strong>, Clerc, S., 2022. Diagenesis and reservoir quality evolution of the Lower Cretaceous turbidite sandstones of the Agat Formation (Norwegian North Sea): Impact of clay grain coating and carbonate cement. Marine Petroleum Geology, 142, 105768 <a href=\"https:\/\/doi.org\/10.1016\/j.marpetgeo.2022.105768\">https:\/\/doi.org\/10.1016\/j.marpetgeo.2022.105768<\/a><\/p>\n<p>(7)\u00a0\u00a0\u00a0\u00a0 <strong><u>Virolle, M<\/u>., Brigaud, B.<\/strong>, Beaufort, D., Patrier, P., Abdelraham, E., <strong><u>Thomas, H<\/u>.<\/strong>, Portier, E., Samson, Y., Bourillot, R., F\u00e9ni\u00e8s, H., 2022. Authigenic berthierine and incipient chloritization in shallow-buried sandstone reservoirs: key role of the source-to-sink context. Geological Society of America Bulletin, 134, 739-761 <a href=\"https:\/\/doi.org\/10.1130\/B35865.1\">https:\/\/doi.org\/10.1130\/B35865.1<\/a><\/p>\n<p>(6)\u00a0\u00a0\u00a0\u00a0 <strong><u>Virolle, M<\/u>., Brigaud, B.<\/strong>, F\u00e9ni\u00e8s, H., Bourillot, R., Portier, E., Patrier, P., Derriennic, H., Beaufort, D., 2021. Preservation and distribution of detrital clay coats in a modern estuarine heterolithic point bar in the Gironde estuary (Bordeaux, France). Journal of Sedimentary Research, 91, 812-832 <a href=\"https:\/\/doi.org\/10.2110\/jsr.2020.146\">https:\/\/doi.org\/10.2110\/jsr.2020.146<\/a><\/p>\n<p>(5)\u00a0\u00a0\u00a0\u00a0 Duteil, T., Bourillot, R., Gre\u0301goire, B., <strong><u>Virolle, M<\/u>., Brigaud, B., Nouet, J.<\/strong>, Braissant, O., Portier, E., Fe\u0301nie\u0300s, H., Patrier, P., Gontier, E., Svahn, I., Visscher, P., 2020. Experimental formation of clay-coated sand grains using diatom biofilm exopolymers. Geology, 48, 1012-1017 <a href=\"https:\/\/doi.org\/10.1130\/G47418.1\">https:\/\/doi.org\/10.1130\/G47418.1<\/a><\/p>\n<p>(4)\u00a0\u00a0\u00a0\u00a0<strong> <u>Virolle, M<\/u>.<\/strong>, F\u00e9ni\u00e8s, H., <strong>Brigaud, B<\/strong>., Bourillot, R., Portier, E., Patrier, P., Beaufort, D., Jalon-Rojas, I., Derriennic, H., <strong>Miska, S.<\/strong>, 2020. Facies associations, detrital clay grain coats and mineralogical characterization of the Gironde estuary tidal bars: A modern analogue for deeply buried estuarine sandstone reservoirs. <em>Marine and Petroleum Geology<\/em>, 114, 104225 <a href=\"https:\/\/doi.org\/10.1016\/j.marpetgeo.2020.104225\">https:\/\/doi.org\/10.1016\/j.marpetgeo.2020.104225<\/a><\/p>\n<p>(3)\u00a0\u00a0\u00a0\u00a0 <strong><u>Virolle, M<\/u>., Brigaud, B., <u>Luby, S<\/u>.<\/strong>, Portier, E., F\u00e9ni\u00e8s, H., Bourillot, R., Patrier, P., Beaufort, D., 2019. Influence of sedimentation and detrital clay grain coats on chloritized sandstone reservoir qualities\u00a0: insights from comparisons between ancient tidal heterolithic sandstones and a modern estuarine system. Marine and Petroleum Geology, 107, 163-184 <a href=\"https:\/\/doi.org\/10.1016\/j.marpetgeo.2019.05.010\">https:\/\/doi.org\/10.1016\/j.marpetgeo.2019.05.010<\/a><\/p>\n<p>(2)\u00a0\u00a0<strong>\u00a0\u00a0 <u>Virolle, M<\/u>., Brigaud, B.<\/strong>, Bourillot, R., F\u00e9ni\u00e8s, H., Portier, E., Duteil, T., Nouet, J., Patrier, P., Beaufort, D., 2019. Detrital clay grain coats in estuarine clastic deposits : origin and spatial distribution within a modern sedimentary system, the Gironde estuary (south-west, France). Sedimentology, 66, 859-894 <a href=\"https:\/\/doi.org\/10.1111\/sed.12520\">https:\/\/doi.org\/10.1111\/sed.12520<\/a><\/p>\n<p>(1)\u00a0\u00a0\u00a0\u00a0 <strong><u>Sa\u00efag, J<\/u>., Brigaud, B.<\/strong>, Portier, E., Desaubliaux, G., Bucherie, A., <strong>Miska, S., Pagel, M.,<\/strong> 2016. Sedimentological control on the diagenesis and reservoir quality of tidal sandstones of the Upper Cape Hay Formation (Permian, Bonaparte Basin, Australia). Marine and Petroleum Geology, 77, 597-624 <a href=\"http:\/\/dx.doi.org\/10.1016\/j.marpetgeo.2016.07.002\">http:\/\/dx.doi.org\/10.1016\/j.marpetgeo.2016.07.002<\/a><\/p>\n<\/div><div class=\"fusion-text fusion-text-8\"><p><strong>Th\u00e8ses encadr\u00e9es<\/strong><\/p>\n<p>2020-2023\u00a0\u00a0\u00a0\u00a0\u00a0 Fares Azzam, sous la direction de Jocelyn Barbarand (25%), la co-direction de Patricia Patrier (25%) et le co-encadrement de Thomas Blaise (50%), <a href=\"https:\/\/theses.hal.science\/tel-04486536\">Approche \u2018source to sink\u2019 des r\u00e9servoirs turbiditiques \u2013 contr\u00f4les min\u00e9ralogiques et biologiques de la mise en place des tapissages argileux et cons\u00e9quences sur les propri\u00e9t\u00e9s r\u00e9servoirs<\/a>. Financement Neptune Energy (Programme CLAYCOAT3), Th\u00e8se soutenue le 06 juillet 2023. 2 publications 1<sup>er<\/sup> auteur \u00e0 <em>Marine and Petroleum Geology<\/em> (2022 et 2023), <em>et 1 en 2<sup>\u00e8me<\/sup> auteur \u00e0 Marine and Petroleum Geology<\/em> (2023).<\/p>\n<p>2015-2019\u00a0\u00a0\u00a0\u00a0\u00a0 Maxime Virolle, th\u00e8se dirig\u00e9 par Benjamin Brigaud (\u00e0 80%) et Eric Portier, Neptune Energy (20%), <a href=\"https:\/\/cnrs.hal.science\/tel-02614258\/\">Origine et pr\u00e9diction spatio-temporelle des tapissages argileux dans les r\u00e9servoirs silicoclastiques \u2013 Apports de la comparaison entre des r\u00e9servoirs anciens (Permien \u00e0 Cr\u00e9tac\u00e9) et d\u2019un analogue actuel (Estuaire de la Gironde)<\/a>. Financement ENGIE (Programme CLAYCOAT), Th\u00e8se soutenue le 28 juin 2019. 5 publications 1<sup>er<\/sup> auteur \u00e0 <em>Sedimentology<\/em> (2019), <em>Marine and Petroleum Geology<\/em> (2019 et 2020), <em>Journal of Sedimentary Research<\/em> (2021) et <em>GSA Bulletin<\/em> (2022). <u>Situation actuelle<\/u> : Ing\u00e9nieur chez GINGER CEBTP<\/p>\n<p>2020\u00a0\u00a0\u00a0\u00a0\u00a0\u00a0\u00a0\u00a0\u00a0\u00a0\u00a0\u00a0\u00a0 Nicolas Nosjean<strong>, <\/strong>th\u00e8se dirig\u00e9e par Hermann Zeyen. Sujet\u00a0: <a href=\"https:\/\/theses.fr\/2020UPASS085\">Management et int\u00e9gration des risques et incertitudes pour le calcul de volumes de roches et de fluides au sein d\u2019un r\u00e9servoir, zoom sur quelques techniques cl\u00e9s d\u2019exploration<\/a>. Th\u00e8se en validation des acquis. Th\u00e8se soutenue le 01 juillet 2020. <u>Situation actuelle<\/u> : Ing\u00e9nieur Neptune Energy<\/p>\n<p>2018\u00a0\u00a0\u00a0\u00a0\u00a0\u00a0\u00a0\u00a0\u00a0\u00a0\u00a0\u00a0\u00a0 Eric Portier, th\u00e8se dirig\u00e9e par Hermann Zeyen. Sujet\u00a0: <a href=\"https:\/\/theses.hal.science\/tel-02612990\">Lien entre environnement de d\u00e9p\u00f4t et diagen\u00e8se pr\u00e9coce : importance dans la pr\u00e9diction des qualit\u00e9s r\u00e9servoir<\/a>. Th\u00e8se en validation des acquis. Th\u00e8se soutenue le 11 d\u00e9cembre 2018. <u>Situation actuelle<\/u> : Ing\u00e9nieur chez 45-8<\/p>\n<\/div><div class=\"fusion-text fusion-text-9\"><p><strong>Personnels impliqu\u00e9s \u00e0 GEOPS<\/strong><\/p>\n<p>Doctorants\u00a0: Fares Azzam (2020-2023) et Maxime Virolle (2015-2019)<\/p>\n<p>Jocelyn Barbarand, Thomas Blaise, Benjamin Brigaud, Serge Miska et Julius Nouet<\/p>\n<p>Collaboration avec\u00a0:<\/p>\n<ul>\n<li>EPOC, Universit\u00e9 de Bordeaux\/Institut Polytechnique de Bordeaux\/CNRS,<\/li>\n<li>IC2MP, Universit\u00e9 de Poitiers\/CNRS<\/li>\n<li>ENGIE et NEPTUNE ENERGY<\/li>\n<\/ul>\n<\/div><\/div><\/div><\/div><\/div><div class=\"fusion-fullwidth fullwidth-box fusion-builder-row-3 fusion-flex-container has-pattern-background has-mask-background nonhundred-percent-fullwidth non-hundred-percent-height-scrolling\" style=\"--awb-border-radius-top-left:0px;--awb-border-radius-top-right:0px;--awb-border-radius-bottom-right:0px;--awb-border-radius-bottom-left:0px;--awb-flex-wrap:wrap;\" ><div class=\"fusion-builder-row fusion-row fusion-flex-align-items-flex-start fusion-flex-content-wrap\" style=\"max-width:1248px;margin-left: calc(-4% \/ 2 );margin-right: calc(-4% \/ 2 );\"><div class=\"fusion-layout-column fusion_builder_column fusion-builder-column-3 fusion_builder_column_1_1 1_1 fusion-flex-column\" style=\"--awb-bg-size:cover;--awb-width-large:100%;--awb-margin-top-large:0px;--awb-spacing-right-large:1.92%;--awb-margin-bottom-large:20px;--awb-spacing-left-large:1.92%;--awb-width-medium:100%;--awb-order-medium:0;--awb-spacing-right-medium:1.92%;--awb-spacing-left-medium:1.92%;--awb-width-small:100%;--awb-order-small:0;--awb-spacing-right-small:1.92%;--awb-spacing-left-small:1.92%;\"><div class=\"fusion-column-wrapper fusion-column-has-shadow fusion-flex-justify-content-flex-start fusion-content-layout-column\"><\/div><\/div><\/div><\/div><\/p>\n","protected":false},"excerpt":{"rendered":"","protected":false},"author":1,"featured_media":0,"parent":0,"menu_order":0,"comment_status":"closed","ping_status":"closed","template":"","meta":{"footnotes":""},"class_list":["post-75","page","type-page","status-publish","hentry"],"_links":{"self":[{"href":"https:\/\/geops.geol.u-psud.fr\/br\/wp-json\/wp\/v2\/pages\/75","targetHints":{"allow":["GET"]}}],"collection":[{"href":"https:\/\/geops.geol.u-psud.fr\/br\/wp-json\/wp\/v2\/pages"}],"about":[{"href":"https:\/\/geops.geol.u-psud.fr\/br\/wp-json\/wp\/v2\/types\/page"}],"author":[{"embeddable":true,"href":"https:\/\/geops.geol.u-psud.fr\/br\/wp-json\/wp\/v2\/users\/1"}],"replies":[{"embeddable":true,"href":"https:\/\/geops.geol.u-psud.fr\/br\/wp-json\/wp\/v2\/comments?post=75"}],"version-history":[{"count":3,"href":"https:\/\/geops.geol.u-psud.fr\/br\/wp-json\/wp\/v2\/pages\/75\/revisions"}],"predecessor-version":[{"id":117,"href":"https:\/\/geops.geol.u-psud.fr\/br\/wp-json\/wp\/v2\/pages\/75\/revisions\/117"}],"wp:attachment":[{"href":"https:\/\/geops.geol.u-psud.fr\/br\/wp-json\/wp\/v2\/media?parent=75"}],"curies":[{"name":"wp","href":"https:\/\/api.w.org\/{rel}","templated":true}]}}