{"id":65,"date":"2025-09-30T14:21:38","date_gmt":"2025-09-30T12:21:38","guid":{"rendered":"https:\/\/geops.geol.u-psud.fr\/br\/?page_id=65"},"modified":"2025-09-30T14:25:41","modified_gmt":"2025-09-30T12:25:41","slug":"anr-upgeo","status":"publish","type":"page","link":"https:\/\/geops.geol.u-psud.fr\/br\/anr-upgeo\/","title":{"rendered":"ANR UPGEO"},"content":{"rendered":"<p><div class=\"fusion-fullwidth fullwidth-box fusion-builder-row-1 fusion-flex-container has-pattern-background has-mask-background nonhundred-percent-fullwidth non-hundred-percent-height-scrolling\" style=\"--awb-border-radius-top-left:0px;--awb-border-radius-top-right:0px;--awb-border-radius-bottom-right:0px;--awb-border-radius-bottom-left:0px;--awb-flex-wrap:wrap;\" ><div class=\"fusion-builder-row fusion-row fusion-flex-align-items-flex-start fusion-flex-content-wrap\" style=\"max-width:1248px;margin-left: calc(-4% \/ 2 );margin-right: calc(-4% \/ 2 );\"><div class=\"fusion-layout-column fusion_builder_column fusion-builder-column-0 fusion_builder_column_1_2 1_2 fusion-flex-column\" style=\"--awb-padding-top:12%;--awb-padding-right:12%;--awb-padding-bottom:12%;--awb-padding-left:12%;--awb-bg-color:var(--awb-color1);--awb-bg-color-hover:var(--awb-color1);--awb-bg-size:cover;--awb-width-large:50%;--awb-margin-top-large:0px;--awb-spacing-right-large:3.84%;--awb-margin-bottom-large:0px;--awb-spacing-left-large:3.072%;--awb-width-medium:50%;--awb-order-medium:0;--awb-spacing-right-medium:3.84%;--awb-spacing-left-medium:3.072%;--awb-width-small:100%;--awb-order-small:0;--awb-spacing-right-small:1.92%;--awb-spacing-left-small:1.92%;\" data-scroll-devices=\"small-visibility,medium-visibility,large-visibility\"><div class=\"fusion-column-wrapper fusion-column-has-shadow fusion-flex-justify-content-flex-start fusion-content-layout-column\"><div class=\"fusion-title title fusion-title-1 fusion-sep-none fusion-title-text fusion-title-size-two\" style=\"--awb-margin-top-small:10px;--awb-margin-right-small:0px;--awb-margin-bottom-small:10px;--awb-margin-left-small:0px;\"><h2 class=\"fusion-title-heading title-heading-left fusion-responsive-typography-calculated\" style=\"margin:0;--fontSize:46;line-height:var(--awb-typography1-line-height);\">ANR UPGEO \u00ab\u00a0UPscaling and heat simulations for improving the efficiency of deep GEOthermal energy \u2013 UPGEO\u00a0\u00bb<\/h2><\/div><\/div><\/div><div class=\"fusion-layout-column fusion_builder_column fusion-builder-column-1 fusion_builder_column_1_2 1_2 fusion-flex-column fusion-flex-align-self-stretch\" style=\"--awb-bg-size:cover;--awb-width-large:50%;--awb-margin-top-large:0px;--awb-spacing-right-large:3.84%;--awb-margin-bottom-large:20px;--awb-spacing-left-large:3.84%;--awb-width-medium:50%;--awb-order-medium:0;--awb-spacing-right-medium:3.84%;--awb-spacing-left-medium:3.84%;--awb-width-small:100%;--awb-order-small:0;--awb-spacing-right-small:1.92%;--awb-spacing-left-small:1.92%;\" data-scroll-devices=\"small-visibility,medium-visibility,large-visibility\"><div class=\"fusion-column-wrapper fusion-column-has-shadow fusion-flex-justify-content-center fusion-content-layout-column\"><div class=\"fusion-image-element \" style=\"--awb-caption-title-font-family:var(--h2_typography-font-family);--awb-caption-title-font-weight:var(--h2_typography-font-weight);--awb-caption-title-font-style:var(--h2_typography-font-style);--awb-caption-title-size:var(--h2_typography-font-size);--awb-caption-title-transform:var(--h2_typography-text-transform);--awb-caption-title-line-height:var(--h2_typography-line-height);--awb-caption-title-letter-spacing:var(--h2_typography-letter-spacing);\"><span class=\" fusion-imageframe imageframe-none imageframe-1 hover-type-none\"><img decoding=\"async\" width=\"605\" height=\"666\" title=\"ANR UPGEO\" src=\"https:\/\/geops.geol.u-psud.fr\/br\/wp-content\/uploads\/sites\/2\/2025\/09\/ANR-UPGEO.png\" alt class=\"img-responsive wp-image-66\" srcset=\"https:\/\/geops.geol.u-psud.fr\/br\/wp-content\/uploads\/sites\/2\/2025\/09\/ANR-UPGEO-200x220.png 200w, https:\/\/geops.geol.u-psud.fr\/br\/wp-content\/uploads\/sites\/2\/2025\/09\/ANR-UPGEO-400x440.png 400w, https:\/\/geops.geol.u-psud.fr\/br\/wp-content\/uploads\/sites\/2\/2025\/09\/ANR-UPGEO-600x660.png 600w, https:\/\/geops.geol.u-psud.fr\/br\/wp-content\/uploads\/sites\/2\/2025\/09\/ANR-UPGEO.png 605w\" sizes=\"(max-width: 640px) 100vw, 600px\" \/><\/span><\/div><div class=\"fusion-text fusion-text-1\"><p style=\"text-align: center;\">Mod\u00e9lisation g\u00e9ologique du r\u00e9servoir calcaire du Jurassique moyen<\/p>\n<\/div><\/div><\/div><\/div><\/div><div class=\"fusion-fullwidth fullwidth-box fusion-builder-row-2 fusion-flex-container has-pattern-background has-mask-background nonhundred-percent-fullwidth non-hundred-percent-height-scrolling\" style=\"--awb-border-radius-top-left:0px;--awb-border-radius-top-right:0px;--awb-border-radius-bottom-right:0px;--awb-border-radius-bottom-left:0px;--awb-flex-wrap:wrap;\" ><div class=\"fusion-builder-row fusion-row fusion-flex-align-items-flex-start fusion-flex-content-wrap\" style=\"max-width:1248px;margin-left: calc(-4% \/ 2 );margin-right: calc(-4% \/ 2 );\"><div class=\"fusion-layout-column fusion_builder_column fusion-builder-column-2 fusion_builder_column_1_1 1_1 fusion-flex-column\" style=\"--awb-bg-size:cover;--awb-width-large:100%;--awb-margin-top-large:0px;--awb-spacing-right-large:1.92%;--awb-margin-bottom-large:20px;--awb-spacing-left-large:1.92%;--awb-width-medium:100%;--awb-order-medium:0;--awb-spacing-right-medium:1.92%;--awb-spacing-left-medium:1.92%;--awb-width-small:100%;--awb-order-small:0;--awb-spacing-right-small:1.92%;--awb-spacing-left-small:1.92%;\"><div class=\"fusion-column-wrapper fusion-column-has-shadow fusion-flex-justify-content-flex-start fusion-content-layout-column\"><div class=\"fusion-text fusion-text-2\"><p><strong>Financement\u00a0:<\/strong> Agence Nationale pour la Recherche (ANR-19-CE05-0032-01) sur 4 ans, 1er janv. 2020-31 d\u00e9c.2023, Programme de Recherche Collaboratif (PRC), appel \u00e0 projets g\u00e9n\u00e9riques 2019, Axe 2.1 \u00ab Une \u00e9nergie durable, propre, s\u00fbre et efficace \u00bb. https:\/\/anr.fr\/Projet-ANR-19-CE05-0032)<\/p>\n<\/div><div class=\"fusion-text fusion-text-3\"><p><strong>Nom du porteur\u00a0:<\/strong> Benjamin Brigaud (GEOPS)<\/p>\n<p><strong>Personnels impliqu\u00e9s \u00e0 GEOPS\u00a0:<\/strong> Thomas Blaise, C\u00e9dric Bailly, Bertrand Saint-B\u00e9zar, Hermann Zeyen, Benjamin Brigaud, Maxime Catinat, Perrine Mas, Codjo Essou, Hadrien Thomas<\/p>\n<p><strong>8 partenaires\u00a0:<\/strong><\/p>\n<ul>\n<li>G\u00e9osciences Paris Sud (GEOPS), Universit\u00e9 Paris-Saclay\/CNRS, Orsay, France\u00a0;<\/li>\n<li>Laboratoire de Math\u00e9matique d\u2019Orsay (LMO), Universit\u00e9 Paris-Saclay\/CNRS, Orsay, France\u00a0;<\/li>\n<li>Laboratoire des Sciences du Climat et de l\u2019Environnement (LSCE), Universit\u00e9 Paris-Saclay\/CNRS\/CEA, Gif-sur-Yvette, France\u00a0;<\/li>\n<li>F\u00e9d\u00e9ration de Math\u00e9matiques de CentraleSup\u00e9lec, Universit\u00e9 Paris-Saclay\/CNRS\/ CentraleSup\u00e9lec, Gif-sur-Yvette, France\u00a0;<\/li>\n<li>Environnements et Pal\u00e9oenvironnements Oc\u00e9aniques et Continentaux (EPOC), Universit\u00e9 Bordeaux\/Institut Polytechnique de Bordeaux, Bordeaux, France ;<\/li>\n<li>BRGM, Orl\u00e9ans, France ;<\/li>\n<li>IFPEN, Rueil-Malmaison, France ;<\/li>\n<li>GEOFLUID, Roissy, France.<\/li>\n<\/ul>\n<\/div><div class=\"fusion-text fusion-text-4\"><\/div><div class=\"fusion-text fusion-text-5\"><p>La g\u00e9othermie, c\u2019est-\u00e0-dire la mobilisation de la chaleur contenue dans le sous-sol \u00e0 tr\u00e8s basse, basse ou haute temp\u00e9rature, est l\u2019une des m\u00e9thodes pour r\u00e9aliser la transition \u00e9nerg\u00e9tique. La nouvelle programmation pluriannuelle de l\u2019\u00e9nergie renouvelable vient de revoir \u00e0 la baisse les objectifs en termes de d\u00e9ploiement de la g\u00e9othermie profonde en France, notamment en raison des risques g\u00e9ologiques \u00e9lev\u00e9s qu\u2019une op\u00e9ration nouvelle n\u2019obtienne pas une ressource g\u00e9othermique pr\u00e9sentant des caract\u00e9ristiques de d\u00e9bit et de temp\u00e9rature suffisantes pour assurer la rentabilit\u00e9 du projet pendant sa dur\u00e9e de vie. Ce risque g\u00e9ologique constitue un obstacle au d\u00e9veloppement futur de la g\u00e9othermie en France et en Ile-de-France. Ce projet consistera \u00e0 travailler sur des m\u00e9thodes innovantes de mod\u00e9lisation en proposant des solutions qui optimisent et explorent le d\u00e9veloppement de nouvelles zones en domaine s\u00e9dimentaire. Cette optimisation n\u00e9cessite (1) une connaissance pr\u00e9cise de l\u2019h\u00e9t\u00e9rog\u00e9n\u00e9it\u00e9 du r\u00e9servoir en termes de g\u00e9om\u00e9tries s\u00e9dimentaires, porosit\u00e9\/perm\u00e9abilit\u00e9, connectivit\u00e9 du r\u00e9servoir et (2) des simulations num\u00e9riques fiables des \u00e9coulements et flux de chaleur \u00e0 +30 ans, voire +100 ans apr\u00e8s le d\u00e9but de la production.<\/p>\n<p>Le principal objectif du projet est de r\u00e9ussir le changement d\u2019\u00e9chelle entre la perm\u00e9abilit\u00e9 mesur\u00e9e en laboratoire et la connectivit\u00e9 s\u00e9dimentaire des corps r\u00e9servoirs \u00e0 l\u2019\u00e9chelle kilom\u00e9trique. La fa\u00e7on d\u2019homog\u00e9n\u00e9iser les coefficients efficaces comme la porosit\u00e9, la perm\u00e9abilit\u00e9, la d\u00e9formation m\u00e9canique (tenseur de Gassman et coefficient de Biot) ou la dispersion thermique effective par des \u00e9quations valables en tout point pour les constituants fluides et solides constituera le d\u00e9fi majeur de ce projet qui n\u00e9cessitera de coupler des donn\u00e9es et concepts g\u00e9ologiques et math\u00e9matiques. Un des challenges sera d\u2019associer deux communaut\u00e9s scientifiques travaillant rarement ensemble en France : g\u00e9ologues et math\u00e9maticiens.<\/p>\n<\/div><\/div><\/div><\/div><\/div><div class=\"fusion-fullwidth fullwidth-box fusion-builder-row-3 fusion-flex-container has-pattern-background has-mask-background nonhundred-percent-fullwidth non-hundred-percent-height-scrolling\" style=\"--awb-border-radius-top-left:0px;--awb-border-radius-top-right:0px;--awb-border-radius-bottom-right:0px;--awb-border-radius-bottom-left:0px;--awb-flex-wrap:wrap;\" ><div class=\"fusion-builder-row fusion-row fusion-flex-align-items-flex-start fusion-flex-content-wrap\" style=\"max-width:1248px;margin-left: calc(-4% \/ 2 );margin-right: calc(-4% \/ 2 );\"><div class=\"fusion-layout-column fusion_builder_column fusion-builder-column-3 fusion_builder_column_1_1 1_1 fusion-flex-column\" style=\"--awb-bg-size:cover;--awb-width-large:100%;--awb-margin-top-large:0px;--awb-spacing-right-large:1.92%;--awb-margin-bottom-large:20px;--awb-spacing-left-large:1.92%;--awb-width-medium:100%;--awb-order-medium:0;--awb-spacing-right-medium:1.92%;--awb-spacing-left-medium:1.92%;--awb-width-small:100%;--awb-order-small:0;--awb-spacing-right-small:1.92%;--awb-spacing-left-small:1.92%;\"><div class=\"fusion-column-wrapper fusion-column-has-shadow fusion-flex-justify-content-flex-start fusion-content-layout-column\"><\/div><\/div><\/div><\/div><\/p>\n","protected":false},"excerpt":{"rendered":"","protected":false},"author":1,"featured_media":0,"parent":0,"menu_order":0,"comment_status":"closed","ping_status":"closed","template":"100-width.php","meta":{"footnotes":""},"class_list":["post-65","page","type-page","status-publish","hentry"],"_links":{"self":[{"href":"https:\/\/geops.geol.u-psud.fr\/br\/wp-json\/wp\/v2\/pages\/65","targetHints":{"allow":["GET"]}}],"collection":[{"href":"https:\/\/geops.geol.u-psud.fr\/br\/wp-json\/wp\/v2\/pages"}],"about":[{"href":"https:\/\/geops.geol.u-psud.fr\/br\/wp-json\/wp\/v2\/types\/page"}],"author":[{"embeddable":true,"href":"https:\/\/geops.geol.u-psud.fr\/br\/wp-json\/wp\/v2\/users\/1"}],"replies":[{"embeddable":true,"href":"https:\/\/geops.geol.u-psud.fr\/br\/wp-json\/wp\/v2\/comments?post=65"}],"version-history":[{"count":2,"href":"https:\/\/geops.geol.u-psud.fr\/br\/wp-json\/wp\/v2\/pages\/65\/revisions"}],"predecessor-version":[{"id":72,"href":"https:\/\/geops.geol.u-psud.fr\/br\/wp-json\/wp\/v2\/pages\/65\/revisions\/72"}],"wp:attachment":[{"href":"https:\/\/geops.geol.u-psud.fr\/br\/wp-json\/wp\/v2\/media?parent=65"}],"curies":[{"name":"wp","href":"https:\/\/api.w.org\/{rel}","templated":true}]}}