{"id":249,"date":"2026-03-05T12:05:15","date_gmt":"2026-03-05T11:05:15","guid":{"rendered":"https:\/\/geops.geol.u-psud.fr\/br\/?page_id=249"},"modified":"2026-03-05T12:07:17","modified_gmt":"2026-03-05T11:07:17","slug":"geology-of-resources-for-energy-transition-applications-to-metals-li-etc-gases-he-and-h2-and-geothermal-energy","status":"publish","type":"page","link":"https:\/\/geops.geol.u-psud.fr\/br\/en\/geology-of-resources-for-energy-transition-applications-to-metals-li-etc-gases-he-and-h2-and-geothermal-energy\/","title":{"rendered":"Geology of resources for energy transition: applications to metals (Li, etc.), gases (He and H2), and geothermal energy"},"content":{"rendered":"<p><div class=\"fusion-fullwidth fullwidth-box fusion-builder-row-1 fusion-flex-container has-pattern-background has-mask-background nonhundred-percent-fullwidth non-hundred-percent-height-scrolling\" style=\"--awb-border-radius-top-left:0px;--awb-border-radius-top-right:0px;--awb-border-radius-bottom-right:0px;--awb-border-radius-bottom-left:0px;--awb-flex-wrap:wrap;\" ><div class=\"fusion-builder-row fusion-row fusion-flex-align-items-flex-start fusion-flex-content-wrap\" style=\"max-width:1248px;margin-left: calc(-4% \/ 2 );margin-right: calc(-4% \/ 2 );\"><div class=\"fusion-layout-column fusion_builder_column fusion-builder-column-0 fusion_builder_column_1_2 1_2 fusion-flex-column\" style=\"--awb-padding-top:12%;--awb-padding-right:12%;--awb-padding-bottom:12%;--awb-padding-left:12%;--awb-bg-color:var(--awb-color1);--awb-bg-color-hover:var(--awb-color1);--awb-bg-size:cover;--awb-width-large:50%;--awb-margin-top-large:0px;--awb-spacing-right-large:3.84%;--awb-margin-bottom-large:0px;--awb-spacing-left-large:3.072%;--awb-width-medium:50%;--awb-order-medium:0;--awb-spacing-right-medium:3.84%;--awb-spacing-left-medium:3.072%;--awb-width-small:100%;--awb-order-small:0;--awb-spacing-right-small:1.92%;--awb-spacing-left-small:1.92%;\" data-scroll-devices=\"small-visibility,medium-visibility,large-visibility\"><div class=\"fusion-column-wrapper fusion-column-has-shadow fusion-flex-justify-content-flex-start fusion-content-layout-column\"><div class=\"fusion-title title fusion-title-1 fusion-sep-none fusion-title-text fusion-title-size-two\" style=\"--awb-margin-top-small:10px;--awb-margin-right-small:0px;--awb-margin-bottom-small:10px;--awb-margin-left-small:0px;\"><h2 class=\"fusion-title-heading title-heading-left fusion-responsive-typography-calculated\" style=\"margin:0;--fontSize:46;line-height:var(--awb-typography1-line-height);\">Geology of resources for energy transition: applications to metals (Li, etc.), gases (He and H<sub>2<\/sub>), and geothermal energy<\/h2><\/div><\/div><\/div><div class=\"fusion-layout-column fusion_builder_column fusion-builder-column-1 fusion_builder_column_1_2 1_2 fusion-flex-column fusion-flex-align-self-stretch\" style=\"--awb-bg-size:cover;--awb-width-large:50%;--awb-margin-top-large:0px;--awb-spacing-right-large:3.84%;--awb-margin-bottom-large:20px;--awb-spacing-left-large:3.84%;--awb-width-medium:50%;--awb-order-medium:0;--awb-spacing-right-medium:3.84%;--awb-spacing-left-medium:3.84%;--awb-width-small:100%;--awb-order-small:0;--awb-spacing-right-small:1.92%;--awb-spacing-left-small:1.92%;\" data-scroll-devices=\"small-visibility,medium-visibility,large-visibility\"><div class=\"fusion-column-wrapper fusion-column-has-shadow fusion-flex-justify-content-center fusion-content-layout-column\"><div class=\"fusion-image-element \" style=\"--awb-caption-title-font-family:var(--h2_typography-font-family);--awb-caption-title-font-weight:var(--h2_typography-font-weight);--awb-caption-title-font-style:var(--h2_typography-font-style);--awb-caption-title-size:var(--h2_typography-font-size);--awb-caption-title-transform:var(--h2_typography-text-transform);--awb-caption-title-line-height:var(--h2_typography-line-height);--awb-caption-title-letter-spacing:var(--h2_typography-letter-spacing);\"><span class=\" fusion-imageframe imageframe-none imageframe-1 hover-type-none\"><img decoding=\"async\" width=\"627\" height=\"242\" title=\"theme3\" src=\"https:\/\/geops.geol.u-psud.fr\/br\/wp-content\/uploads\/sites\/2\/2025\/09\/theme3.png\" alt class=\"img-responsive wp-image-42\" srcset=\"https:\/\/geops.geol.u-psud.fr\/br\/wp-content\/uploads\/sites\/2\/2025\/09\/theme3-200x77.png 200w, https:\/\/geops.geol.u-psud.fr\/br\/wp-content\/uploads\/sites\/2\/2025\/09\/theme3-400x154.png 400w, https:\/\/geops.geol.u-psud.fr\/br\/wp-content\/uploads\/sites\/2\/2025\/09\/theme3-600x232.png 600w, https:\/\/geops.geol.u-psud.fr\/br\/wp-content\/uploads\/sites\/2\/2025\/09\/theme3.png 627w\" sizes=\"(max-width: 640px) 100vw, 600px\" \/><\/span><\/div><div class=\"fusion-text fusion-text-1\"><p style=\"text-align: center;\">U-Pb dating of a fluorite crystal from Pierre Perthuis (Morvan, France)<\/p>\n<\/div><\/div><\/div><\/div><\/div><div class=\"fusion-fullwidth fullwidth-box fusion-builder-row-2 fusion-flex-container has-pattern-background has-mask-background nonhundred-percent-fullwidth non-hundred-percent-height-scrolling\" style=\"--awb-border-radius-top-left:0px;--awb-border-radius-top-right:0px;--awb-border-radius-bottom-right:0px;--awb-border-radius-bottom-left:0px;--awb-flex-wrap:wrap;\" ><div class=\"fusion-builder-row fusion-row fusion-flex-align-items-flex-start fusion-flex-content-wrap\" style=\"max-width:1248px;margin-left: calc(-4% \/ 2 );margin-right: calc(-4% \/ 2 );\"><div class=\"fusion-layout-column fusion_builder_column fusion-builder-column-2 fusion_builder_column_1_1 1_1 fusion-flex-column\" style=\"--awb-bg-size:cover;--awb-width-large:100%;--awb-margin-top-large:0px;--awb-spacing-right-large:1.92%;--awb-margin-bottom-large:20px;--awb-spacing-left-large:1.92%;--awb-width-medium:100%;--awb-order-medium:0;--awb-spacing-right-medium:1.92%;--awb-spacing-left-medium:1.92%;--awb-width-small:100%;--awb-order-small:0;--awb-spacing-right-small:1.92%;--awb-spacing-left-small:1.92%;\"><div class=\"fusion-column-wrapper fusion-column-has-shadow fusion-flex-justify-content-flex-start fusion-content-layout-column\"><div class=\"fusion-text fusion-text-2\"><p>The goal of reducing greenhouse gases requires developing energy sources that emit less CO2, such as geothermal energy, and securing the supply of raw materials needed for electric car batteries (Li, Mn, Ni, Co), nuclear energy (U), and the automotive and semiconductor industries (place of F to ensure the chemical separation processes of minerals). Identifying geological risks that are unfavorable to the discovery of new deposits requires the implementation of new models. Our team is working on innovative characterization and modeling methods, proposing solutions that optimize and explore the development of new resource areas. This optimization requires precise knowledge of the heterogeneity of the subsurface in terms of sedimentary geometries, porosity\/permeability, connectivity of sedimentary bodies or permeable\/mineralized fractures, reliable numerical simulations of flows or heat flows, and the availability of chemical elements (lithium, He, or H<sub>2<\/sub>) in geothermal deposits. Methodologies for improving understanding of the scale jump between spot analyses in the laboratory and their representation at the reservoir and basin scales are at the heart of this theme.<\/p>\n<\/div><div class=\"fusion-text fusion-text-3\"><p><strong>Permanent\/Non-permanent list:<\/strong><\/p>\n<p>C\u00e9dric Bailly, Antonio Benedicto, Thomas Blaise, Benjamin Brigaud, Marine Collignon, Emmanuel L\u00e9ger, Sarah Figowy, Beate Orberger, Carlos Pallares, Pascal Sailhac, Bertrand Saint-B\u00e9zar, Philippe Sarda, Hermann Zeyen, Jean-David Moreau, Fr\u00e9d\u00e9ric Haurine, Gabriel Zacharias, Andr\u00e8s Mejia, Paul Coutable, Heming Wang, Th\u00e9o Rubio, Hugo Pierrot, Guillaume Gallien<\/p>\n<\/div><\/div><\/div><\/div><\/div><div class=\"fusion-fullwidth fullwidth-box fusion-builder-row-3 fusion-flex-container has-pattern-background has-mask-background nonhundred-percent-fullwidth non-hundred-percent-height-scrolling\" style=\"--awb-border-radius-top-left:0px;--awb-border-radius-top-right:0px;--awb-border-radius-bottom-right:0px;--awb-border-radius-bottom-left:0px;--awb-flex-wrap:wrap;\" ><div class=\"fusion-builder-row fusion-row fusion-flex-align-items-flex-start fusion-flex-content-wrap\" style=\"max-width:1248px;margin-left: calc(-4% \/ 2 );margin-right: calc(-4% \/ 2 );\"><div class=\"fusion-layout-column fusion_builder_column fusion-builder-column-3 fusion_builder_column_1_1 1_1 fusion-flex-column\" style=\"--awb-bg-size:cover;--awb-width-large:100%;--awb-margin-top-large:0px;--awb-spacing-right-large:1.92%;--awb-margin-bottom-large:20px;--awb-spacing-left-large:1.92%;--awb-width-medium:100%;--awb-order-medium:0;--awb-spacing-right-medium:1.92%;--awb-spacing-left-medium:1.92%;--awb-width-small:100%;--awb-order-small:0;--awb-spacing-right-small:1.92%;--awb-spacing-left-small:1.92%;\"><div class=\"fusion-column-wrapper fusion-column-has-shadow fusion-flex-justify-content-flex-start fusion-content-layout-column\"><div class=\"fusion-separator fusion-full-width-sep\" style=\"align-self: center;margin-left: auto;margin-right: auto;margin-top:10px;margin-bottom:20px;width:100%;\"><div class=\"fusion-separator-border sep-single sep-solid\" style=\"--awb-height:20px;--awb-amount:20px;border-color:var(--awb-color3);border-top-width:1px;\"><\/div><\/div><div class=\"fusion-title title fusion-title-2 fusion-sep-none fusion-title-text fusion-title-size-two\" style=\"--awb-margin-top-small:10px;--awb-margin-right-small:0px;--awb-margin-bottom-small:10px;--awb-margin-left-small:0px;\"><h2 class=\"fusion-title-heading title-heading-left fusion-responsive-typography-calculated\" style=\"margin:0;--fontSize:46;line-height:var(--awb-typography1-line-height);\">The projects<\/h2><\/div><div class=\"fusion-blog-shortcode fusion-blog-shortcode-1 fusion-blog-archive fusion-blog-layout-grid-wrapper fusion-blog-no fusion-no-small-visibility fusion-no-medium-visibility fusion-blog-no-images fusion-blog-layout-center\" style=\"--grid_separator_color:var(--awb-custom_color_1);\"><style type=\"text\/css\">.fusion-blog-shortcode-1 .fusion-blog-layout-grid .fusion-post-grid{padding:20px;}.fusion-blog-shortcode-1 .fusion-posts-container{margin-left: -20px !important; margin-right:-20px !important;}<\/style><div class=\"fusion-posts-container fusion-posts-container-no fusion-no-meta-info fusion-blog-layout-grid fusion-blog-layout-grid-3 isotope fusion-blog-equal-heights\" data-pages=\"1\" data-grid-col-space=\"40\" style=\"margin: -20px -20px 0;min-height:500px;\"><article id=\"blog-1-post-282\" class=\"fusion-post-grid post-282 post type-post status-publish format-standard hentry category-resource-geology\">\n<div class=\"fusion-post-wrapper\" style=\"background-color:rgba(255,255,255,0);border:1px solid var(--awb-color2);border-bottom-width:3px;\"><div class=\"fusion-post-content-wrapper\" style=\"padding:30px 30px 30px 30px;\"><div class=\"fusion-post-content post-content\"><h5 class=\"blog-shortcode-post-title entry-title\"><a href=\"https:\/\/geops.geol.u-psud.fr\/br\/en\/2026\/03\/05\/uralod-en\/\">URALOD ( EN )<\/a><\/h5><\/div><\/div><div class=\"fusion-clearfix\"><\/div><\/div>\n<\/article>\n<article id=\"blog-1-post-272\" class=\"fusion-post-grid post-272 post type-post status-publish format-standard hentry category-resource-geology\">\n<div class=\"fusion-post-wrapper\" style=\"background-color:rgba(255,255,255,0);border:1px solid var(--awb-color2);border-bottom-width:3px;\"><div class=\"fusion-post-content-wrapper\" style=\"padding:30px 30px 30px 30px;\"><div class=\"fusion-post-content post-content\"><h5 class=\"blog-shortcode-post-title entry-title\"><a href=\"https:\/\/geops.geol.u-psud.fr\/br\/en\/2026\/03\/05\/thermoparis-en\/\">THERMOPARIS ( EN )<\/a><\/h5><\/div><\/div><div class=\"fusion-clearfix\"><\/div><\/div>\n<\/article>\n<article id=\"blog-1-post-269\" class=\"fusion-post-grid post-269 post type-post status-publish format-standard hentry category-resource-geology\">\n<div class=\"fusion-post-wrapper\" style=\"background-color:rgba(255,255,255,0);border:1px solid var(--awb-color2);border-bottom-width:3px;\"><div class=\"fusion-post-content-wrapper\" style=\"padding:30px 30px 30px 30px;\"><div class=\"fusion-post-content post-content\"><h5 class=\"blog-shortcode-post-title entry-title\"><a href=\"https:\/\/geops.geol.u-psud.fr\/br\/en\/2026\/03\/05\/s-pass-en\/\">S-PASS ( EN )<\/a><\/h5><\/div><\/div><div class=\"fusion-clearfix\"><\/div><\/div>\n<\/article>\n<article id=\"blog-1-post-284\" class=\"fusion-post-grid post-284 post type-post status-publish format-standard hentry category-resource-geology\">\n<div class=\"fusion-post-wrapper\" style=\"background-color:rgba(255,255,255,0);border:1px solid var(--awb-color2);border-bottom-width:3px;\"><div class=\"fusion-post-content-wrapper\" style=\"padding:30px 30px 30px 30px;\"><div class=\"fusion-post-content post-content\"><h5 class=\"blog-shortcode-post-title entry-title\"><a href=\"https:\/\/geops.geol.u-psud.fr\/br\/en\/2026\/03\/05\/rocs-en\/\">ROCS ( EN )<\/a><\/h5><\/div><\/div><div class=\"fusion-clearfix\"><\/div><\/div>\n<\/article>\n<article id=\"blog-1-post-277\" class=\"fusion-post-grid post-277 post type-post status-publish format-standard hentry category-resource-geology\">\n<div class=\"fusion-post-wrapper\" style=\"background-color:rgba(255,255,255,0);border:1px solid var(--awb-color2);border-bottom-width:3px;\"><div class=\"fusion-post-content-wrapper\" style=\"padding:30px 30px 30px 30px;\"><div class=\"fusion-post-content post-content\"><h5 class=\"blog-shortcode-post-title entry-title\"><a href=\"https:\/\/geops.geol.u-psud.fr\/br\/en\/2026\/03\/05\/pr3dict-en\/\">PR3DICT ( EN )<\/a><\/h5><\/div><\/div><div class=\"fusion-clearfix\"><\/div><\/div>\n<\/article>\n<article id=\"blog-1-post-267\" class=\"fusion-post-grid post-267 post type-post status-publish format-standard hentry category-resource-geology\">\n<div class=\"fusion-post-wrapper\" style=\"background-color:rgba(255,255,255,0);border:1px solid var(--awb-color2);border-bottom-width:3px;\"><div class=\"fusion-post-content-wrapper\" style=\"padding:30px 30px 30px 30px;\"><div class=\"fusion-post-content post-content\"><h5 class=\"blog-shortcode-post-title entry-title\"><a href=\"https:\/\/geops.geol.u-psud.fr\/br\/en\/2026\/03\/05\/piros-en\/\">PIROS ( EN )<\/a><\/h5><\/div><\/div><div class=\"fusion-clearfix\"><\/div><\/div>\n<\/article>\n<article id=\"blog-1-post-279\" class=\"fusion-post-grid post-279 post type-post status-publish format-standard hentry category-resource-geology\">\n<div class=\"fusion-post-wrapper\" style=\"background-color:rgba(255,255,255,0);border:1px solid var(--awb-color2);border-bottom-width:3px;\"><div class=\"fusion-post-content-wrapper\" style=\"padding:30px 30px 30px 30px;\"><div class=\"fusion-post-content post-content\"><h5 class=\"blog-shortcode-post-title entry-title\"><a href=\"https:\/\/geops.geol.u-psud.fr\/br\/en\/2026\/03\/05\/multi-scale-characterisation-of-the-porosity-of-the-chalk-reservoir-using-an-approach-combining-geology-petrophysics-and-geophysics\/\">Multi-scale characterisation of the porosity of the chalk reservoir using an approach combining geology, petrophysics and geophysics<\/a><\/h5><\/div><\/div><div class=\"fusion-clearfix\"><\/div><\/div>\n<\/article>\n<article id=\"blog-1-post-274\" class=\"fusion-post-grid post-274 post type-post status-publish format-standard hentry category-resource-geology\">\n<div class=\"fusion-post-wrapper\" style=\"background-color:rgba(255,255,255,0);border:1px solid var(--awb-color2);border-bottom-width:3px;\"><div class=\"fusion-post-content-wrapper\" style=\"padding:30px 30px 30px 30px;\"><div class=\"fusion-post-content post-content\"><h5 class=\"blog-shortcode-post-title entry-title\"><a href=\"https:\/\/geops.geol.u-psud.fr\/br\/en\/2026\/03\/05\/integrated-reservoir-characterization-of-the-grande-oolithe-dogger-in-the-rhine-graben-petrophysics-sedimentology-and-structural-geology-en\/\">Integrated reservoir characterization of the Grande Oolithe (Dogger) in the Rhine Graben (petrophysics, sedimentology and structural geology) ( EN )<\/a><\/h5><\/div><\/div><div class=\"fusion-clearfix\"><\/div><\/div>\n<\/article>\n<article id=\"blog-1-post-286\" class=\"fusion-post-grid post-286 post type-post status-publish format-standard hentry category-resource-geology\">\n<div class=\"fusion-post-wrapper\" style=\"background-color:rgba(255,255,255,0);border:1px solid var(--awb-color2);border-bottom-width:3px;\"><div class=\"fusion-post-content-wrapper\" style=\"padding:30px 30px 30px 30px;\"><div class=\"fusion-post-content post-content\"><h5 class=\"blog-shortcode-post-title entry-title\"><a href=\"https:\/\/geops.geol.u-psud.fr\/br\/en\/2026\/03\/05\/hypersp-en\/\">HyperSP ( EN )<\/a><\/h5><\/div><\/div><div class=\"fusion-clearfix\"><\/div><\/div>\n<\/article>\n<article id=\"blog-1-post-265\" class=\"fusion-post-grid post-265 post type-post status-publish format-standard hentry category-resource-geology\">\n<div class=\"fusion-post-wrapper\" style=\"background-color:rgba(255,255,255,0);border:1px solid var(--awb-color2);border-bottom-width:3px;\"><div class=\"fusion-post-content-wrapper\" style=\"padding:30px 30px 30px 30px;\"><div class=\"fusion-post-content post-content\"><h5 class=\"blog-shortcode-post-title entry-title\"><a href=\"https:\/\/geops.geol.u-psud.fr\/br\/en\/2026\/03\/05\/h2idf-en\/\">H2IDF ( EN )<\/a><\/h5><\/div><\/div><div class=\"fusion-clearfix\"><\/div><\/div>\n<\/article>\n<div class=\"fusion-clearfix\"><\/div><\/div><\/div><\/div><\/div><\/div><\/div><div class=\"fusion-fullwidth fullwidth-box fusion-builder-row-4 fusion-flex-container has-pattern-background has-mask-background nonhundred-percent-fullwidth non-hundred-percent-height-scrolling\" style=\"--awb-border-radius-top-left:0px;--awb-border-radius-top-right:0px;--awb-border-radius-bottom-right:0px;--awb-border-radius-bottom-left:0px;--awb-flex-wrap:wrap;\" ><div class=\"fusion-builder-row fusion-row fusion-flex-align-items-flex-start fusion-flex-content-wrap\" style=\"max-width:1248px;margin-left: calc(-4% \/ 2 );margin-right: calc(-4% \/ 2 );\"><div class=\"fusion-layout-column fusion_builder_column fusion-builder-column-4 fusion_builder_column_1_1 1_1 fusion-flex-column\" style=\"--awb-bg-size:cover;--awb-width-large:100%;--awb-margin-top-large:0px;--awb-spacing-right-large:1.92%;--awb-margin-bottom-large:20px;--awb-spacing-left-large:1.92%;--awb-width-medium:100%;--awb-order-medium:0;--awb-spacing-right-medium:1.92%;--awb-spacing-left-medium:1.92%;--awb-width-small:100%;--awb-order-small:0;--awb-spacing-right-small:1.92%;--awb-spacing-left-small:1.92%;\"><div class=\"fusion-column-wrapper fusion-column-has-shadow fusion-flex-justify-content-flex-start fusion-content-layout-column\"><\/div><\/div><\/div><\/div><\/p>\n","protected":false},"excerpt":{"rendered":"","protected":false},"author":1,"featured_media":0,"parent":0,"menu_order":0,"comment_status":"closed","ping_status":"closed","template":"","meta":{"footnotes":""},"class_list":["post-249","page","type-page","status-publish","hentry"],"_links":{"self":[{"href":"https:\/\/geops.geol.u-psud.fr\/br\/wp-json\/wp\/v2\/pages\/249","targetHints":{"allow":["GET"]}}],"collection":[{"href":"https:\/\/geops.geol.u-psud.fr\/br\/wp-json\/wp\/v2\/pages"}],"about":[{"href":"https:\/\/geops.geol.u-psud.fr\/br\/wp-json\/wp\/v2\/types\/page"}],"author":[{"embeddable":true,"href":"https:\/\/geops.geol.u-psud.fr\/br\/wp-json\/wp\/v2\/users\/1"}],"replies":[{"embeddable":true,"href":"https:\/\/geops.geol.u-psud.fr\/br\/wp-json\/wp\/v2\/comments?post=249"}],"version-history":[{"count":3,"href":"https:\/\/geops.geol.u-psud.fr\/br\/wp-json\/wp\/v2\/pages\/249\/revisions"}],"predecessor-version":[{"id":252,"href":"https:\/\/geops.geol.u-psud.fr\/br\/wp-json\/wp\/v2\/pages\/249\/revisions\/252"}],"wp:attachment":[{"href":"https:\/\/geops.geol.u-psud.fr\/br\/wp-json\/wp\/v2\/media?parent=249"}],"curies":[{"name":"wp","href":"https:\/\/api.w.org\/{rel}","templated":true}]}}